{"id":35389,"date":"2023-08-26T14:29:21","date_gmt":"2023-08-26T18:29:21","guid":{"rendered":"https:\/\/tgbl-onlit.tangiblelaunchpad.com\/?page_id=35389"},"modified":"2025-12-04T10:09:22","modified_gmt":"2025-12-04T15:09:22","slug":"words-with-irregularities-french","status":"publish","type":"page","link":"https:\/\/tgbl-onlit.tangiblelaunchpad.com\/fr\/b2-notions-fondamentales\/words-with-irregularities-french\/","title":{"rendered":"Words with irregularities &#8211; French"},"content":{"rendered":"\t\t<div data-elementor-type=\"wp-page\" data-elementor-id=\"35389\" class=\"elementor elementor-35389 elementor-17455\" data-elementor-post-type=\"page\">\n\t\t\t\t<div class=\"elementor-element elementor-element-7093d0fe e-flex e-con-boxed e-con e-parent\" data-id=\"7093d0fe\" data-element_type=\"container\" data-e-type=\"container\" data-settings=\"{&quot;background_background&quot;:&quot;classic&quot;}\">\n\t\t\t\t\t<div class=\"e-con-inner\">\n\t\t\t\t<div class=\"elementor-element elementor-element-68dfa763 elementor-widget elementor-widget-heading\" data-id=\"68dfa763\" data-element_type=\"widget\" data-e-type=\"widget\" data-widget_type=\"heading.default\">\n\t\t\t\t<div class=\"elementor-widget-container\">\n\t\t\t\t\t<h1 class=\"elementor-heading-title elementor-size-default\">Continuum des notions fondamentales de la lecture et de l\u2019\u00e9criture<\/h1>\t\t\t\t<\/div>\n\t\t\t\t<\/div>\n\t\t\t\t<div class=\"elementor-element elementor-element-17afe5d3 elementor-widget elementor-widget-heading\" data-id=\"17afe5d3\" data-element_type=\"widget\" data-e-type=\"widget\" data-widget_type=\"heading.default\">\n\t\t\t\t<div class=\"elementor-widget-container\">\n\t\t\t\t\t<h2 class=\"elementor-heading-title elementor-size-default\">de la 1\u02b3\u1d49 \u00e0 la 4\u1d49 ann\u00e9e, attente B2<\/h2>\t\t\t\t<\/div>\n\t\t\t\t<\/div>\n\t\t\t\t\t<\/div>\n\t\t\t\t<\/div>\n\t\t<div class=\"elementor-element elementor-element-229352c1 e-flex e-con-boxed e-con e-parent\" data-id=\"229352c1\" data-element_type=\"container\" data-e-type=\"container\" data-settings=\"{&quot;background_background&quot;:&quot;classic&quot;}\">\n\t\t\t\t\t<div class=\"e-con-inner\">\n\t\t<div class=\"elementor-element elementor-element-18e031cc e-con-full e-flex e-con e-child\" data-id=\"18e031cc\" data-element_type=\"container\" data-e-type=\"container\" data-settings=\"{&quot;background_background&quot;:&quot;classic&quot;}\">\n\t\t\t\t<div class=\"elementor-element elementor-element-5f21c24c elementor-widget elementor-widget-heading\" data-id=\"5f21c24c\" data-element_type=\"widget\" data-e-type=\"widget\" data-widget_type=\"heading.default\">\n\t\t\t\t<div class=\"elementor-widget-container\">\n\t\t\t\t\t<h2 class=\"elementor-heading-title elementor-size-default\">Th\u00e8mes<\/h2>\t\t\t\t<\/div>\n\t\t\t\t<\/div>\n\t\t\t\t<div class=\"elementor-element elementor-element-23287db5 elementor-nav-menu--dropdown-none elementor-nav-menu__align-start elementor-widget elementor-widget-nav-menu\" data-id=\"23287db5\" data-element_type=\"widget\" data-e-type=\"widget\" data-settings=\"{&quot;layout&quot;:&quot;vertical&quot;,&quot;submenu_icon&quot;:{&quot;value&quot;:&quot;&lt;i class=\\&quot;fas fa-caret-down\\&quot; aria-hidden=\\&quot;true\\&quot;&gt;&lt;\\\/i&gt;&quot;,&quot;library&quot;:&quot;fa-solid&quot;}}\" data-widget_type=\"nav-menu.default\">\n\t\t\t\t<div class=\"elementor-widget-container\">\n\t\t\t\t\t\t\t\t<nav aria-label=\"Menu\" class=\"elementor-nav-menu--main elementor-nav-menu__container elementor-nav-menu--layout-vertical e--pointer-double-line e--animation-fade\">\n\t\t\t\t<ul id=\"menu-1-23287db5\" class=\"elementor-nav-menu sm-vertical\"><li class=\"menu-item menu-item-type-post_type menu-item-object-page menu-item-35272\"><a href=\"https:\/\/tgbl-onlit.tangiblelaunchpad.com\/fr\/b2-notions-fondamentales\/apercu-du-continuum\/\" class=\"elementor-item\">Aper\u00e7u<\/a><\/li>\n<li class=\"menu-item menu-item-type-post_type menu-item-object-page menu-item-35264\"><a href=\"https:\/\/tgbl-onlit.tangiblelaunchpad.com\/fr\/b2-notions-fondamentales\/conscience-phonemique\/\" class=\"elementor-item\">Conscience phon\u00e9mique<\/a><\/li>\n<li class=\"menu-item menu-item-type-post_type menu-item-object-page menu-item-35265\"><a href=\"https:\/\/tgbl-onlit.tangiblelaunchpad.com\/fr\/b2-notions-fondamentales\/connaissance-des-lettres-et-des-sons\/\" class=\"elementor-item\">Connaissance des lettres<\/a><\/li>\n<li class=\"menu-item menu-item-type-post_type menu-item-object-page menu-item-35266\"><a href=\"https:\/\/tgbl-onlit.tangiblelaunchpad.com\/fr\/b2-notions-fondamentales\/phonetique-correspondances-phonemes-graphemes\/\" class=\"elementor-item\">Phon\u00e9tique : Correspondances graph\u00e8mes-phon\u00e8mes<\/a><\/li>\n<li class=\"menu-item menu-item-type-post_type menu-item-object-page menu-item-35269\"><a href=\"https:\/\/tgbl-onlit.tangiblelaunchpad.com\/fr\/b2-notions-fondamentales\/lecture-et-orthographe-au-niveau-des-mots-application-des-connaissances-des-correspondances-phonemes-graphemes\/\" class=\"elementor-item\">Connaissances des correspondances phon\u00e8mes-graph\u00e8mes<\/a><\/li>\n<li class=\"menu-item menu-item-type-post_type menu-item-object-page menu-item-35267\"><a href=\"https:\/\/tgbl-onlit.tangiblelaunchpad.com\/fr\/b2-notions-fondamentales\/lecture-et-orthographe-au-niveau-des-mots-application-des-connaissances-des-regularites-orthographiques\/\" class=\"elementor-item\">Connaissances des r\u00e9gularit\u00e9s orthographiques<\/a><\/li>\n<li class=\"menu-item menu-item-type-post_type menu-item-object-page menu-item-35268\"><a href=\"https:\/\/tgbl-onlit.tangiblelaunchpad.com\/fr\/b2-notions-fondamentales\/lecture-et-orthographe-au-niveau-des-mots-mise-en-application-de-ses-connaissances-morphologiques\/\" class=\"elementor-item\">Connaissances morphologiques<\/a><\/li>\n<li class=\"menu-item menu-item-type-post_type menu-item-object-page menu-item-35270\"><a href=\"https:\/\/tgbl-onlit.tangiblelaunchpad.com\/fr\/b2-notions-fondamentales\/vocabulaire\/\" class=\"elementor-item\">Vocabulaire<\/a><\/li>\n<li class=\"menu-item menu-item-type-post_type menu-item-object-page menu-item-35271\"><a href=\"https:\/\/tgbl-onlit.tangiblelaunchpad.com\/fr\/b2-notions-fondamentales\/fluidite-en-lecture\/\" class=\"elementor-item\">Fluidit\u00e9 en lecture<\/a><\/li>\n<\/ul>\t\t\t<\/nav>\n\t\t\t\t\t\t<nav class=\"elementor-nav-menu--dropdown elementor-nav-menu__container\" aria-hidden=\"true\">\n\t\t\t\t<ul id=\"menu-2-23287db5\" class=\"elementor-nav-menu sm-vertical\"><li class=\"menu-item menu-item-type-post_type menu-item-object-page menu-item-35272\"><a href=\"https:\/\/tgbl-onlit.tangiblelaunchpad.com\/fr\/b2-notions-fondamentales\/apercu-du-continuum\/\" class=\"elementor-item\" tabindex=\"-1\">Aper\u00e7u<\/a><\/li>\n<li class=\"menu-item menu-item-type-post_type menu-item-object-page menu-item-35264\"><a href=\"https:\/\/tgbl-onlit.tangiblelaunchpad.com\/fr\/b2-notions-fondamentales\/conscience-phonemique\/\" class=\"elementor-item\" tabindex=\"-1\">Conscience phon\u00e9mique<\/a><\/li>\n<li class=\"menu-item menu-item-type-post_type menu-item-object-page menu-item-35265\"><a href=\"https:\/\/tgbl-onlit.tangiblelaunchpad.com\/fr\/b2-notions-fondamentales\/connaissance-des-lettres-et-des-sons\/\" class=\"elementor-item\" tabindex=\"-1\">Connaissance des lettres<\/a><\/li>\n<li class=\"menu-item menu-item-type-post_type menu-item-object-page menu-item-35266\"><a href=\"https:\/\/tgbl-onlit.tangiblelaunchpad.com\/fr\/b2-notions-fondamentales\/phonetique-correspondances-phonemes-graphemes\/\" class=\"elementor-item\" tabindex=\"-1\">Phon\u00e9tique : Correspondances graph\u00e8mes-phon\u00e8mes<\/a><\/li>\n<li class=\"menu-item menu-item-type-post_type menu-item-object-page menu-item-35269\"><a href=\"https:\/\/tgbl-onlit.tangiblelaunchpad.com\/fr\/b2-notions-fondamentales\/lecture-et-orthographe-au-niveau-des-mots-application-des-connaissances-des-correspondances-phonemes-graphemes\/\" class=\"elementor-item\" tabindex=\"-1\">Connaissances des correspondances phon\u00e8mes-graph\u00e8mes<\/a><\/li>\n<li class=\"menu-item menu-item-type-post_type menu-item-object-page menu-item-35267\"><a href=\"https:\/\/tgbl-onlit.tangiblelaunchpad.com\/fr\/b2-notions-fondamentales\/lecture-et-orthographe-au-niveau-des-mots-application-des-connaissances-des-regularites-orthographiques\/\" class=\"elementor-item\" tabindex=\"-1\">Connaissances des r\u00e9gularit\u00e9s orthographiques<\/a><\/li>\n<li class=\"menu-item menu-item-type-post_type menu-item-object-page menu-item-35268\"><a href=\"https:\/\/tgbl-onlit.tangiblelaunchpad.com\/fr\/b2-notions-fondamentales\/lecture-et-orthographe-au-niveau-des-mots-mise-en-application-de-ses-connaissances-morphologiques\/\" class=\"elementor-item\" tabindex=\"-1\">Connaissances morphologiques<\/a><\/li>\n<li class=\"menu-item menu-item-type-post_type menu-item-object-page menu-item-35270\"><a href=\"https:\/\/tgbl-onlit.tangiblelaunchpad.com\/fr\/b2-notions-fondamentales\/vocabulaire\/\" class=\"elementor-item\" tabindex=\"-1\">Vocabulaire<\/a><\/li>\n<li class=\"menu-item menu-item-type-post_type menu-item-object-page menu-item-35271\"><a href=\"https:\/\/tgbl-onlit.tangiblelaunchpad.com\/fr\/b2-notions-fondamentales\/fluidite-en-lecture\/\" class=\"elementor-item\" tabindex=\"-1\">Fluidit\u00e9 en lecture<\/a><\/li>\n<\/ul>\t\t\t<\/nav>\n\t\t\t\t\t\t<\/div>\n\t\t\t\t<\/div>\n\t\t\t\t<\/div>\n\t\t<div class=\"elementor-element elementor-element-3301e859 e-con-full e-flex e-con e-child\" data-id=\"3301e859\" data-element_type=\"container\" data-e-type=\"container\">\n\t\t\t\t<div class=\"elementor-element elementor-element-6d652d27 elementor-widget elementor-widget-heading\" data-id=\"6d652d27\" data-element_type=\"widget\" data-e-type=\"widget\" data-widget_type=\"heading.default\">\n\t\t\t\t<div class=\"elementor-widget-container\">\n\t\t\t\t\t<h1 class=\"elementor-heading-title elementor-size-default\">Mots avec irr\u00e9gularit\u00e9s<\/h1>\t\t\t\t<\/div>\n\t\t\t\t<\/div>\n\t\t\t\t<div class=\"elementor-element elementor-element-7bc4f41 elementor-widget elementor-widget-text-editor\" data-id=\"7bc4f41\" data-element_type=\"widget\" data-e-type=\"widget\" data-widget_type=\"text-editor.default\">\n\t\t\t\t<div class=\"elementor-widget-container\">\n\t\t\t\t\t\t\t\t\t<p>Le domaine \u00ab Mots avec irr\u00e9gularit\u00e9s \u00bb n&rsquo;existe pas dans le programme-cadre de Fran\u00e7ais (2023). Utilisez le menu pour s\u00e9lectionner un domaine du programme-cadre de Fran\u00e7ais (2023), ou passez \u00e0 la version anglaise de onlit.org.<\/p>\t\t\t\t\t\t\t\t<\/div>\n\t\t\t\t<\/div>\n\t\t\t\t<div class=\"elementor-element elementor-element-149398eb elementor-widget elementor-widget-spacer\" data-id=\"149398eb\" data-element_type=\"widget\" data-e-type=\"widget\" data-widget_type=\"spacer.default\">\n\t\t\t\t<div class=\"elementor-widget-container\">\n\t\t\t\t\t\t\t<div class=\"elementor-spacer\">\n\t\t\t<div class=\"elementor-spacer-inner\"><\/div>\n\t\t<\/div>\n\t\t\t\t\t\t<\/div>\n\t\t\t\t<\/div>\n\t\t\t\t<\/div>\n\t\t\t\t\t<\/div>\n\t\t\t\t<\/div>\n\t\t\t\t<\/div>\n\t\t","protected":false},"excerpt":{"rendered":"<p>Continuum des notions fondamentales de la lecture et de l\u2019\u00e9criture de la 1\u02b3\u1d49 \u00e0 la 4\u1d49 ann\u00e9e, attente B2 Th\u00e8mes Mots avec irr\u00e9gularit\u00e9s Le domaine \u00ab Mots avec irr\u00e9gularit\u00e9s \u00bb&#8230;<\/p>\n","protected":false},"author":32,"featured_media":0,"parent":40360,"menu_order":0,"comment_status":"closed","ping_status":"closed","template":"elementor_header_footer","meta":{"_acf_changed":false,"_kad_post_transparent":"","_kad_post_title":"hide","_kad_post_layout":"fullwidth","_kad_post_sidebar_id":"","_kad_post_content_style":"unboxed","_kad_post_vertical_padding":"hide","_kad_post_feature":"hide","_kad_post_feature_position":"","_kad_post_header":false,"_kad_post_footer":false,"_kad_post_classname":"","footnotes":""},"content-language":[509],"class_list":["post-35389","page","type-page","status-publish","hentry","content-language-francais"],"acf":[],"_links":{"self":[{"href":"https:\/\/tgbl-onlit.tangiblelaunchpad.com\/fr\/wp-json\/wp\/v2\/pages\/35389","targetHints":{"allow":["GET"]}}],"collection":[{"href":"https:\/\/tgbl-onlit.tangiblelaunchpad.com\/fr\/wp-json\/wp\/v2\/pages"}],"about":[{"href":"https:\/\/tgbl-onlit.tangiblelaunchpad.com\/fr\/wp-json\/wp\/v2\/types\/page"}],"author":[{"embeddable":true,"href":"https:\/\/tgbl-onlit.tangiblelaunchpad.com\/fr\/wp-json\/wp\/v2\/users\/32"}],"replies":[{"embeddable":true,"href":"https:\/\/tgbl-onlit.tangiblelaunchpad.com\/fr\/wp-json\/wp\/v2\/comments?post=35389"}],"version-history":[{"count":4,"href":"https:\/\/tgbl-onlit.tangiblelaunchpad.com\/fr\/wp-json\/wp\/v2\/pages\/35389\/revisions"}],"predecessor-version":[{"id":35393,"href":"https:\/\/tgbl-onlit.tangiblelaunchpad.com\/fr\/wp-json\/wp\/v2\/pages\/35389\/revisions\/35393"}],"up":[{"embeddable":true,"href":"https:\/\/tgbl-onlit.tangiblelaunchpad.com\/fr\/wp-json\/wp\/v2\/pages\/40360"}],"wp:attachment":[{"href":"https:\/\/tgbl-onlit.tangiblelaunchpad.com\/fr\/wp-json\/wp\/v2\/media?parent=35389"}],"wp:term":[{"taxonomy":"content-language","embeddable":true,"href":"https:\/\/tgbl-onlit.tangiblelaunchpad.com\/fr\/wp-json\/wp\/v2\/content-language?post=35389"}],"curies":[{"name":"wp","href":"https:\/\/api.w.org\/{rel}","templated":true}]}}