{"id":35749,"date":"2025-01-02T08:15:53","date_gmt":"2025-01-02T13:15:53","guid":{"rendered":"https:\/\/tgbl-onlit.tangiblelaunchpad.com\/?page_id=35749"},"modified":"2025-08-27T14:15:21","modified_gmt":"2025-08-27T18:15:21","slug":"b3-apprentissages-linguistiques-en-lecture-et-en-ecriture","status":"publish","type":"page","link":"https:\/\/tgbl-onlit.tangiblelaunchpad.com\/fr\/survol-de-la-litteratie\/2e-annee\/b3-apprentissages-linguistiques-en-lecture-et-en-ecriture\/","title":{"rendered":"B3. Apprentissages linguistiques en lecture et en \u00e9criture"},"content":{"rendered":"\t\t<div data-elementor-type=\"wp-page\" data-elementor-id=\"35749\" class=\"elementor elementor-35749 elementor-32589\" data-elementor-post-type=\"page\">\n\t\t\t\t<div class=\"elementor-element elementor-element-253b233f e-con-full e-flex e-con e-parent\" data-id=\"253b233f\" data-element_type=\"container\" data-e-type=\"container\">\n\t\t\t\t<div class=\"elementor-element elementor-element-7d43bc5b elementor-widget elementor-widget-heading\" data-id=\"7d43bc5b\" data-element_type=\"widget\" data-e-type=\"widget\" data-widget_type=\"heading.default\">\n\t\t\t\t<div class=\"elementor-widget-container\">\n\t\t\t\t\t<h1 class=\"elementor-heading-title elementor-size-default\">B3. Apprentissages linguistiques en lecture et en \u00e9criture<\/h1>\t\t\t\t<\/div>\n\t\t\t\t<\/div>\n\t\t\t\t<div class=\"elementor-element elementor-element-56e0febc elementor-widget elementor-widget-text-editor\" data-id=\"56e0febc\" data-element_type=\"widget\" data-e-type=\"widget\" data-widget_type=\"text-editor.default\">\n\t\t\t\t<div class=\"elementor-widget-container\">\n\t\t\t\t\t\t\t\t\t<p>Le continuum des apprentissages linguistiques pr\u00e9sent\u00e9 dans <a href=\"https:\/\/www.dcp.edu.gov.on.ca\/fr\/curriculum\/elementaire-francais\/contexte\/annexe-b\" target=\"_blank\" rel=\"noopener\">l\u2019annexe B<\/a> \u00e9num\u00e8re les attentes sp\u00e9cifiques en mati\u00e8re de syntaxe et de structure des phrases, de grammaire, de majuscules et de ponctuation.<\/p><p>Les \u00e9l\u00e8ves devraient apprendre et mettre en pratique ces conventions \u00e0 travers la communication orale, la lecture et l\u2019\u00e9criture. Le tableau indique un continuum d\u2019apprentissages &#8211; c\u2019est-\u00e0-dire <strong>une sensibilisation \u00e0 la notion (S), une \u00e9tude syst\u00e9matique (\u00c9) et un approfondissement (A)<\/strong> &#8211; s\u2019\u00e9tendant de la 1<sup>re<\/sup> \u00e0 la 9<sup>e<\/sup> ann\u00e9e. Le tableau indique les p\u00e9riodes pendant lesquelles les \u00e9l\u00e8ves devraient utiliser les structures donn\u00e9es dans leurs \u00e9crits, mais ces structures seront utilis\u00e9es et comprises \u00e0 l\u2019oral beaucoup plus t\u00f4t.<\/p><p>Ces conventions linguistiques doivent \u00eatre introduites et d\u00e9velopp\u00e9es dans le cadre de l&rsquo;\u00e9criture, de la lecture et de la communication orale, plut\u00f4t que de mani\u00e8re isol\u00e9e, afin que les \u00e9l\u00e8ves puissent apprendre \u00e0 les utiliser pour communiquer et comprendre en contexte. Bien que l&rsquo;apprentissage se d\u00e9roule en contexte, l&rsquo;enseignement doit toujours suivre une s\u00e9quence r\u00e9fl\u00e9chie et cibl\u00e9e, en enseignant syst\u00e9matiquement les conventions, du plus simple au plus complexe.<\/p><p><strong>L&rsquo;accent doit \u00eatre mis sur la fonction et le r\u00f4le d&rsquo;une structure au sein d&rsquo;une phrase.<\/strong><\/p>\t\t\t\t\t\t\t\t<\/div>\n\t\t\t\t<\/div>\n\t\t\t\t<div class=\"elementor-element elementor-element-eda88f4 elementor-widget elementor-widget-heading\" data-id=\"eda88f4\" data-element_type=\"widget\" data-e-type=\"widget\" data-widget_type=\"heading.default\">\n\t\t\t\t<div class=\"elementor-widget-container\">\n\t\t\t\t\t<h4 class=\"elementor-heading-title elementor-size-default\">Liens vers des recherches<\/h4>\t\t\t\t<\/div>\n\t\t\t\t<\/div>\n\t\t\t\t<div class=\"elementor-element elementor-element-16a881e elementor-widget elementor-widget-text-editor\" data-id=\"16a881e\" data-element_type=\"widget\" data-e-type=\"widget\" data-widget_type=\"text-editor.default\">\n\t\t\t\t<div class=\"elementor-widget-container\">\n\t\t\t\t\t\t\t\t\t<ul><li><a href=\"https:\/\/tgbl-onlit.tangiblelaunchpad.com\/fr\/ressource\/enseigner-la-grammaire-en-contexte\/\" target=\"_blank\" rel=\"noopener\">Enseigner la grammaire en contexte avec Joel Thibeault<\/a><\/li><li><a href=\"https:\/\/tgbl-onlit.tangiblelaunchpad.com\/fr\/ressource\/la-grammaire-nouvelle-la-comprendre-et-lenseigner\/\" target=\"_blank\" rel=\"noopener\">La grammaire nouvelle : La comprendre et l\u2019enseigner<\/a><\/li><\/ul>\t\t\t\t\t\t\t\t<\/div>\n\t\t\t\t<\/div>\n\t\t\t\t<div class=\"elementor-element elementor-element-32b968d elementor-hidden-desktop elementor-hidden-tablet elementor-hidden-mobile elementor-widget elementor-widget-heading\" data-id=\"32b968d\" data-element_type=\"widget\" data-e-type=\"widget\" data-widget_type=\"heading.default\">\n\t\t\t\t<div class=\"elementor-widget-container\">\n\t\t\t\t\t<h4 class=\"elementor-heading-title elementor-size-default\">Ressources<\/h4>\t\t\t\t<\/div>\n\t\t\t\t<\/div>\n\t\t\t\t<div class=\"elementor-element elementor-element-c5dc4f0 elementor-hidden-desktop elementor-hidden-tablet elementor-hidden-mobile elementor-widget elementor-widget-text-editor\" data-id=\"c5dc4f0\" data-element_type=\"widget\" data-e-type=\"widget\" data-widget_type=\"text-editor.default\">\n\t\t\t\t<div class=\"elementor-widget-container\">\n\t\t\t\t\t\t\t\t\t<ul><li><a href=\"https:\/\/docs.google.com\/document\/d\/1k7lbXFOeYz06v4d7ST_MfcM5rV4OP8yJFFhYEfcZ0eA\/edit?usp=sharing\" target=\"_blank\" rel=\"noopener\">French version of syntax\/sentence doc &#8211; in progress &#8211; do not post yet please!<\/a><\/li><\/ul>\t\t\t\t\t\t\t\t<\/div>\n\t\t\t\t<\/div>\n\t\t<div class=\"elementor-element elementor-element-6244246b e-con-full e-flex e-con e-child\" data-id=\"6244246b\" data-element_type=\"container\" data-e-type=\"container\">\n\t\t\t\t<div class=\"elementor-element elementor-element-7ec00fe9 elementor-align-left elementor-widget__width-initial elementor-mobile-align-center elementor-widget elementor-widget-button\" data-id=\"7ec00fe9\" data-element_type=\"widget\" data-e-type=\"widget\" data-widget_type=\"button.default\">\n\t\t\t\t<div class=\"elementor-widget-container\">\n\t\t\t\t\t\t\t\t\t<div class=\"elementor-button-wrapper\">\n\t\t\t\t\t<a class=\"elementor-button elementor-button-link elementor-size-sm\" href=\"https:\/\/tgbl-onlit.tangiblelaunchpad.com\/fr\/survol-de-la-litteratie\/2e-annee\/b2-5-fluidite-en-lecture\/\">\n\t\t\t\t\t\t<span class=\"elementor-button-content-wrapper\">\n\t\t\t\t\t\t\t\t\t<span class=\"elementor-button-text\">&lt;&lt; Retour<\/span>\n\t\t\t\t\t<\/span>\n\t\t\t\t\t<\/a>\n\t\t\t\t<\/div>\n\t\t\t\t\t\t\t\t<\/div>\n\t\t\t\t<\/div>\n\t\t\t\t<div class=\"elementor-element elementor-element-464ce338 elementor-align-right elementor-widget__width-initial elementor-mobile-align-center elementor-widget elementor-widget-button\" data-id=\"464ce338\" data-element_type=\"widget\" data-e-type=\"widget\" data-widget_type=\"button.default\">\n\t\t\t\t<div class=\"elementor-widget-container\">\n\t\t\t\t\t\t\t\t\t<div class=\"elementor-button-wrapper\">\n\t\t\t\t\t<a class=\"elementor-button elementor-button-link elementor-size-sm\" href=\"https:\/\/tgbl-onlit.tangiblelaunchpad.com\/fr\/survol-de-la-litteratie\/2e-annee\/b3-1-syntaxe-et-structure-de-phrases\/\">\n\t\t\t\t\t\t<span class=\"elementor-button-content-wrapper\">\n\t\t\t\t\t\t\t\t\t<span class=\"elementor-button-text\">Suivant &gt;&gt;<\/span>\n\t\t\t\t\t<\/span>\n\t\t\t\t\t<\/a>\n\t\t\t\t<\/div>\n\t\t\t\t\t\t\t\t<\/div>\n\t\t\t\t<\/div>\n\t\t\t\t<\/div>\n\t\t\t\t<\/div>\n\t\t\t\t<\/div>\n\t\t","protected":false},"excerpt":{"rendered":"<p>B3. Apprentissages linguistiques en lecture et en \u00e9criture Le continuum des apprentissages linguistiques pr\u00e9sent\u00e9 dans l\u2019annexe B \u00e9num\u00e8re les attentes sp\u00e9cifiques en mati\u00e8re de syntaxe et de structure des phrases,&#8230;<\/p>\n","protected":false},"author":32,"featured_media":38450,"parent":36106,"menu_order":0,"comment_status":"closed","ping_status":"closed","template":"","meta":{"_acf_changed":false,"_kad_post_transparent":"","_kad_post_title":"hide","_kad_post_layout":"fullwidth","_kad_post_sidebar_id":"","_kad_post_content_style":"unboxed","_kad_post_vertical_padding":"hide","_kad_post_feature":"hide","_kad_post_feature_position":"","_kad_post_header":false,"_kad_post_footer":false,"_kad_post_classname":"","footnotes":""},"content-language":[509],"class_list":["post-35749","page","type-page","status-publish","has-post-thumbnail","hentry","content-language-francais"],"acf":[],"_links":{"self":[{"href":"https:\/\/tgbl-onlit.tangiblelaunchpad.com\/fr\/wp-json\/wp\/v2\/pages\/35749","targetHints":{"allow":["GET"]}}],"collection":[{"href":"https:\/\/tgbl-onlit.tangiblelaunchpad.com\/fr\/wp-json\/wp\/v2\/pages"}],"about":[{"href":"https:\/\/tgbl-onlit.tangiblelaunchpad.com\/fr\/wp-json\/wp\/v2\/types\/page"}],"author":[{"embeddable":true,"href":"https:\/\/tgbl-onlit.tangiblelaunchpad.com\/fr\/wp-json\/wp\/v2\/users\/32"}],"replies":[{"embeddable":true,"href":"https:\/\/tgbl-onlit.tangiblelaunchpad.com\/fr\/wp-json\/wp\/v2\/comments?post=35749"}],"version-history":[{"count":17,"href":"https:\/\/tgbl-onlit.tangiblelaunchpad.com\/fr\/wp-json\/wp\/v2\/pages\/35749\/revisions"}],"predecessor-version":[{"id":39463,"href":"https:\/\/tgbl-onlit.tangiblelaunchpad.com\/fr\/wp-json\/wp\/v2\/pages\/35749\/revisions\/39463"}],"up":[{"embeddable":true,"href":"https:\/\/tgbl-onlit.tangiblelaunchpad.com\/fr\/wp-json\/wp\/v2\/pages\/36106"}],"wp:featuredmedia":[{"embeddable":true,"href":"https:\/\/tgbl-onlit.tangiblelaunchpad.com\/fr\/wp-json\/wp\/v2\/media\/38450"}],"wp:attachment":[{"href":"https:\/\/tgbl-onlit.tangiblelaunchpad.com\/fr\/wp-json\/wp\/v2\/media?parent=35749"}],"wp:term":[{"taxonomy":"content-language","embeddable":true,"href":"https:\/\/tgbl-onlit.tangiblelaunchpad.com\/fr\/wp-json\/wp\/v2\/content-language?post=35749"}],"curies":[{"name":"wp","href":"https:\/\/api.w.org\/{rel}","templated":true}]}}