{"id":38572,"date":"2025-05-13T09:04:10","date_gmt":"2025-05-13T13:04:10","guid":{"rendered":"https:\/\/tgbl-onlit.tangiblelaunchpad.com\/?page_id=38572"},"modified":"2025-06-02T13:10:27","modified_gmt":"2025-06-02T17:10:27","slug":"la-phrase","status":"publish","type":"page","link":"https:\/\/tgbl-onlit.tangiblelaunchpad.com\/fr\/b3-les-apprentissages-linguistiques\/la-phrase\/","title":{"rendered":"Fondements pour le personnel enseignant  &#8211; La phrase"},"content":{"rendered":"\t\t<div data-elementor-type=\"wp-page\" data-elementor-id=\"38572\" class=\"elementor elementor-38572 elementor-38326\" data-elementor-post-type=\"page\">\n\t\t\t\t<div class=\"elementor-element elementor-element-5032e7c9 e-flex e-con-boxed e-con e-parent\" data-id=\"5032e7c9\" data-element_type=\"container\" data-e-type=\"container\">\n\t\t\t\t\t<div class=\"e-con-inner\">\n\t\t\t\t<div class=\"elementor-element elementor-element-21974f4b elementor-widget elementor-widget-heading\" data-id=\"21974f4b\" data-element_type=\"widget\" data-e-type=\"widget\" data-widget_type=\"heading.default\">\n\t\t\t\t<div class=\"elementor-widget-container\">\n\t\t\t\t\t<h1 class=\"elementor-heading-title elementor-size-default\">Fondements pour le personnel enseignant  - La phrase<\/h1>\t\t\t\t<\/div>\n\t\t\t\t<\/div>\n\t\t\t\t<div class=\"elementor-element elementor-element-58d1422b elementor-widget elementor-widget-text-editor\" data-id=\"58d1422b\" data-element_type=\"widget\" data-e-type=\"widget\" data-widget_type=\"text-editor.default\">\n\t\t\t\t<div class=\"elementor-widget-container\">\n\t\t\t\t\t\t\t\t\t<p>Dans cette section, le personnel enseignant se familiarisera avec les caract\u00e9ristiques de base d\u2019une phrase ainsi qu\u2019avec les diff\u00e9rents types de phrases que les \u00e9l\u00e8ves pourraient \u00eatre amen\u00e9s \u00e0 utiliser \u00e0 l\u2019oral et \u00e0 l\u2019\u00e9crit.<\/p>\t\t\t\t\t\t\t\t<\/div>\n\t\t\t\t<\/div>\n\t\t\t\t<div class=\"elementor-element elementor-element-0c8a61c elementor-widget elementor-widget-video\" data-id=\"0c8a61c\" data-element_type=\"widget\" data-e-type=\"widget\" data-settings=\"{&quot;youtube_url&quot;:&quot;https:\\\/\\\/youtu.be\\\/aATasIpipx0&quot;,&quot;video_type&quot;:&quot;youtube&quot;,&quot;controls&quot;:&quot;yes&quot;}\" data-widget_type=\"video.default\">\n\t\t\t\t<div class=\"elementor-widget-container\">\n\t\t\t\t\t\t\t<div class=\"elementor-wrapper elementor-open-inline\">\n\t\t\t<div class=\"elementor-video\"><\/div>\t\t<\/div>\n\t\t\t\t\t\t<\/div>\n\t\t\t\t<\/div>\n\t\t<div class=\"elementor-element elementor-element-22656d02 e-con-full e-flex e-con e-child\" data-id=\"22656d02\" data-element_type=\"container\" data-e-type=\"container\">\n\t\t\t\t<div class=\"elementor-element elementor-element-21ed6e68 elementor-align-left elementor-widget__width-initial elementor-mobile-align-center elementor-widget elementor-widget-button\" data-id=\"21ed6e68\" data-element_type=\"widget\" data-e-type=\"widget\" data-widget_type=\"button.default\">\n\t\t\t\t<div class=\"elementor-widget-container\">\n\t\t\t\t\t\t\t\t\t<div class=\"elementor-button-wrapper\">\n\t\t\t\t\t<a class=\"elementor-button elementor-button-link elementor-size-sm\" href=\"https:\/\/tgbl-onlit.tangiblelaunchpad.com\/fr\/b3-les-apprentissages-linguistiques\/la-grammaire-et-la-syntaxe\/\">\n\t\t\t\t\t\t<span class=\"elementor-button-content-wrapper\">\n\t\t\t\t\t\t\t\t\t<span class=\"elementor-button-text\">&lt;&lt; Retour<\/span>\n\t\t\t\t\t<\/span>\n\t\t\t\t\t<\/a>\n\t\t\t\t<\/div>\n\t\t\t\t\t\t\t\t<\/div>\n\t\t\t\t<\/div>\n\t\t\t\t<div class=\"elementor-element elementor-element-47b73e97 elementor-align-right elementor-widget__width-initial elementor-mobile-align-center elementor-widget elementor-widget-button\" data-id=\"47b73e97\" data-element_type=\"widget\" data-e-type=\"widget\" data-widget_type=\"button.default\">\n\t\t\t\t<div class=\"elementor-widget-container\">\n\t\t\t\t\t\t\t\t\t<div class=\"elementor-button-wrapper\">\n\t\t\t\t\t<a class=\"elementor-button elementor-button-link elementor-size-sm\" href=\"https:\/\/tgbl-onlit.tangiblelaunchpad.com\/fr\/b3-les-apprentissages-linguistiques\/lenseignement-des-apprentissages-linguistiques\/\">\n\t\t\t\t\t\t<span class=\"elementor-button-content-wrapper\">\n\t\t\t\t\t\t\t\t\t<span class=\"elementor-button-text\">Suivant &gt;&gt;<\/span>\n\t\t\t\t\t<\/span>\n\t\t\t\t\t<\/a>\n\t\t\t\t<\/div>\n\t\t\t\t\t\t\t\t<\/div>\n\t\t\t\t<\/div>\n\t\t\t\t<\/div>\n\t\t\t\t\t<\/div>\n\t\t\t\t<\/div>\n\t\t\t\t<\/div>\n\t\t","protected":false},"excerpt":{"rendered":"<p>Fondements pour le personnel enseignant &#8211; La phrase Dans cette section, le personnel enseignant se familiarisera avec les caract\u00e9ristiques de base d\u2019une phrase ainsi qu\u2019avec les diff\u00e9rents types de phrases&#8230;<\/p>\n","protected":false},"author":32,"featured_media":38566,"parent":38564,"menu_order":0,"comment_status":"closed","ping_status":"closed","template":"","meta":{"_acf_changed":false,"_kad_post_transparent":"","_kad_post_title":"hide","_kad_post_layout":"fullwidth","_kad_post_sidebar_id":"","_kad_post_content_style":"unboxed","_kad_post_vertical_padding":"hide","_kad_post_feature":"hide","_kad_post_feature_position":"","_kad_post_header":false,"_kad_post_footer":false,"_kad_post_classname":"","footnotes":""},"content-language":[509],"class_list":["post-38572","page","type-page","status-publish","has-post-thumbnail","hentry","content-language-francais"],"acf":[],"_links":{"self":[{"href":"https:\/\/tgbl-onlit.tangiblelaunchpad.com\/fr\/wp-json\/wp\/v2\/pages\/38572","targetHints":{"allow":["GET"]}}],"collection":[{"href":"https:\/\/tgbl-onlit.tangiblelaunchpad.com\/fr\/wp-json\/wp\/v2\/pages"}],"about":[{"href":"https:\/\/tgbl-onlit.tangiblelaunchpad.com\/fr\/wp-json\/wp\/v2\/types\/page"}],"author":[{"embeddable":true,"href":"https:\/\/tgbl-onlit.tangiblelaunchpad.com\/fr\/wp-json\/wp\/v2\/users\/32"}],"replies":[{"embeddable":true,"href":"https:\/\/tgbl-onlit.tangiblelaunchpad.com\/fr\/wp-json\/wp\/v2\/comments?post=38572"}],"version-history":[{"count":8,"href":"https:\/\/tgbl-onlit.tangiblelaunchpad.com\/fr\/wp-json\/wp\/v2\/pages\/38572\/revisions"}],"predecessor-version":[{"id":38900,"href":"https:\/\/tgbl-onlit.tangiblelaunchpad.com\/fr\/wp-json\/wp\/v2\/pages\/38572\/revisions\/38900"}],"up":[{"embeddable":true,"href":"https:\/\/tgbl-onlit.tangiblelaunchpad.com\/fr\/wp-json\/wp\/v2\/pages\/38564"}],"wp:featuredmedia":[{"embeddable":true,"href":"https:\/\/tgbl-onlit.tangiblelaunchpad.com\/fr\/wp-json\/wp\/v2\/media\/38566"}],"wp:attachment":[{"href":"https:\/\/tgbl-onlit.tangiblelaunchpad.com\/fr\/wp-json\/wp\/v2\/media?parent=38572"}],"wp:term":[{"taxonomy":"content-language","embeddable":true,"href":"https:\/\/tgbl-onlit.tangiblelaunchpad.com\/fr\/wp-json\/wp\/v2\/content-language?post=38572"}],"curies":[{"name":"wp","href":"https:\/\/api.w.org\/{rel}","templated":true}]}}