{"id":38574,"date":"2025-05-13T09:04:52","date_gmt":"2025-05-13T13:04:52","guid":{"rendered":"https:\/\/tgbl-onlit.tangiblelaunchpad.com\/?page_id=38574"},"modified":"2025-06-02T13:11:23","modified_gmt":"2025-06-02T17:11:23","slug":"lenseignement-des-apprentissages-linguistiques","status":"publish","type":"page","link":"https:\/\/tgbl-onlit.tangiblelaunchpad.com\/fr\/b3-les-apprentissages-linguistiques\/lenseignement-des-apprentissages-linguistiques\/","title":{"rendered":"L\u2019enseignement des apprentissages linguistiques"},"content":{"rendered":"\t\t<div data-elementor-type=\"wp-page\" data-elementor-id=\"38574\" class=\"elementor elementor-38574 elementor-38328\" data-elementor-post-type=\"page\">\n\t\t\t\t<div class=\"elementor-element elementor-element-7690f99c e-flex e-con-boxed e-con e-parent\" data-id=\"7690f99c\" data-element_type=\"container\" data-e-type=\"container\">\n\t\t\t\t\t<div class=\"e-con-inner\">\n\t\t\t\t<div class=\"elementor-element elementor-element-82a38ee elementor-widget elementor-widget-heading\" data-id=\"82a38ee\" data-element_type=\"widget\" data-e-type=\"widget\" data-widget_type=\"heading.default\">\n\t\t\t\t<div class=\"elementor-widget-container\">\n\t\t\t\t\t<h1 class=\"elementor-heading-title elementor-size-default\">L\u2019enseignement des apprentissages linguistiques<\/h1>\t\t\t\t<\/div>\n\t\t\t\t<\/div>\n\t\t\t\t<div class=\"elementor-element elementor-element-6b998989 elementor-widget elementor-widget-text-editor\" data-id=\"6b998989\" data-element_type=\"widget\" data-e-type=\"widget\" data-widget_type=\"text-editor.default\">\n\t\t\t\t<div class=\"elementor-widget-container\">\n\t\t\t\t\t\t\t\t\t<p>Le programme-cadre de fran\u00e7ais de l\u2019Ontario d\u00e9crit comment enseigner les apprentissages linguistiques de mani\u00e8re efficace :<\/p>\t\t\t\t\t\t\t\t<\/div>\n\t\t\t\t<\/div>\n\t\t\t\t<div class=\"elementor-element elementor-element-7ff3569 elementor-widget elementor-widget-text-editor\" data-id=\"7ff3569\" data-element_type=\"widget\" data-e-type=\"widget\" data-widget_type=\"text-editor.default\">\n\t\t\t\t<div class=\"elementor-widget-container\">\n\t\t\t\t\t\t\t\t\t<p><em>Dans le contexte d\u2019activit\u00e9s de communication orale, de lecture et d\u2019\u00e9criture, l\u2019\u00e9l\u00e8ve apprend \u00e0 mettre \u00e0 contribution ses connaissances grammaticales pour mieux communiquer, comprendre et interpr\u00e9ter les textes, ainsi que pour discuter de ses \u00e9crits, les expliquer et les \u00e9valuer. Pour ce faire, l\u2019\u00e9l\u00e8ve est amen\u00e9 \u00e0 se livrer \u00e0 des observations, \u00e0 d\u00e9gager des constatations et \u00e0 faire des g\u00e9n\u00e9ralisations sur la langue et son fonctionnement. Au cours de ses communications, de ses lectures et de ses r\u00e9dactions, l\u2019\u00e9l\u00e8ve apprend \u00e0 observer, nommer, reconna\u00eetre et \u00e9valuer les notions grammaticales du tableau de progression. Les notions grammaticales seront \u00e9valu\u00e9es de mani\u00e8re contextualis\u00e9e, c\u2019est-\u00e0-dire en lecture et en \u00e9criture.\u00a0<\/em><\/p>\t\t\t\t\t\t\t\t<\/div>\n\t\t\t\t<\/div>\n\t\t\t\t<div class=\"elementor-element elementor-element-df7da7f elementor-widget elementor-widget-text-editor\" data-id=\"df7da7f\" data-element_type=\"widget\" data-e-type=\"widget\" data-widget_type=\"text-editor.default\">\n\t\t\t\t<div class=\"elementor-widget-container\">\n\t\t\t\t\t\t\t\t\t<p>Le personnel enseignant doit d\u2019abord acqu\u00e9rir une compr\u00e9hension approfondie des connaissances linguistiques \u00e0 enseigner. L\u2019\u00e9tape suivante consiste \u00e0 rep\u00e9rer des occasions d\u2019apprentissage dans les contenus et contextes d\u00e9j\u00e0 utilis\u00e9s en classe, puis \u00e0 y int\u00e9grer de fa\u00e7on intentionnelle des exp\u00e9riences li\u00e9es.<\/p><p>Les prochaines vid\u00e9os pr\u00e9sentent plusieurs structures d\u2019apprentissage et montrent comment les int\u00e9grer \u00e0 des contenus et contextes authentiques. <\/p><ul><li>L\u2019enrichissement des phrases<\/li><li>Les phrases m\u00e9lang\u00e9es<\/li><li>La combinaison des phrases<\/li><\/ul><p>La derni\u00e8re section portera sur la coh\u00e9rence textuelle et proposera des strat\u00e9gies pour aider les \u00e9l\u00e8ves \u00e0 mieux comprendre les structures textuelles courantes qui peuvent nuire \u00e0 la compr\u00e9hension. <\/p>\t\t\t\t\t\t\t\t<\/div>\n\t\t\t\t<\/div>\n\t\t<div class=\"elementor-element elementor-element-42a2b446 e-con-full e-flex e-con e-child\" data-id=\"42a2b446\" data-element_type=\"container\" data-e-type=\"container\">\n\t\t\t\t<div class=\"elementor-element elementor-element-6f2b9142 elementor-align-left elementor-widget__width-initial elementor-mobile-align-center elementor-widget elementor-widget-button\" data-id=\"6f2b9142\" data-element_type=\"widget\" data-e-type=\"widget\" data-widget_type=\"button.default\">\n\t\t\t\t<div class=\"elementor-widget-container\">\n\t\t\t\t\t\t\t\t\t<div class=\"elementor-button-wrapper\">\n\t\t\t\t\t<a class=\"elementor-button elementor-button-link elementor-size-sm\" href=\"https:\/\/tgbl-onlit.tangiblelaunchpad.com\/fr\/b3-les-apprentissages-linguistiques\/la-phrase\/\">\n\t\t\t\t\t\t<span class=\"elementor-button-content-wrapper\">\n\t\t\t\t\t\t\t\t\t<span class=\"elementor-button-text\">&lt;&lt; Retour<\/span>\n\t\t\t\t\t<\/span>\n\t\t\t\t\t<\/a>\n\t\t\t\t<\/div>\n\t\t\t\t\t\t\t\t<\/div>\n\t\t\t\t<\/div>\n\t\t\t\t<div class=\"elementor-element elementor-element-495073c9 elementor-align-right elementor-widget__width-initial elementor-mobile-align-center elementor-widget elementor-widget-button\" data-id=\"495073c9\" data-element_type=\"widget\" data-e-type=\"widget\" data-widget_type=\"button.default\">\n\t\t\t\t<div class=\"elementor-widget-container\">\n\t\t\t\t\t\t\t\t\t<div class=\"elementor-button-wrapper\">\n\t\t\t\t\t<a class=\"elementor-button elementor-button-link elementor-size-sm\" href=\"https:\/\/tgbl-onlit.tangiblelaunchpad.com\/fr\/b3-les-apprentissages-linguistiques\/les-phrases-melangees\/\">\n\t\t\t\t\t\t<span class=\"elementor-button-content-wrapper\">\n\t\t\t\t\t\t\t\t\t<span class=\"elementor-button-text\">Suivant &gt;&gt;<\/span>\n\t\t\t\t\t<\/span>\n\t\t\t\t\t<\/a>\n\t\t\t\t<\/div>\n\t\t\t\t\t\t\t\t<\/div>\n\t\t\t\t<\/div>\n\t\t\t\t<\/div>\n\t\t\t\t\t<\/div>\n\t\t\t\t<\/div>\n\t\t\t\t<\/div>\n\t\t","protected":false},"excerpt":{"rendered":"<p>L\u2019enseignement des apprentissages linguistiques Le programme-cadre de fran\u00e7ais de l\u2019Ontario d\u00e9crit comment enseigner les apprentissages linguistiques de mani\u00e8re efficace : Dans le contexte d\u2019activit\u00e9s de communication orale, de lecture et&#8230;<\/p>\n","protected":false},"author":32,"featured_media":38566,"parent":38564,"menu_order":0,"comment_status":"closed","ping_status":"closed","template":"","meta":{"_acf_changed":false,"_kad_post_transparent":"","_kad_post_title":"hide","_kad_post_layout":"fullwidth","_kad_post_sidebar_id":"","_kad_post_content_style":"unboxed","_kad_post_vertical_padding":"hide","_kad_post_feature":"hide","_kad_post_feature_position":"","_kad_post_header":false,"_kad_post_footer":false,"_kad_post_classname":"","footnotes":""},"content-language":[509],"class_list":["post-38574","page","type-page","status-publish","has-post-thumbnail","hentry","content-language-francais"],"acf":[],"_links":{"self":[{"href":"https:\/\/tgbl-onlit.tangiblelaunchpad.com\/fr\/wp-json\/wp\/v2\/pages\/38574","targetHints":{"allow":["GET"]}}],"collection":[{"href":"https:\/\/tgbl-onlit.tangiblelaunchpad.com\/fr\/wp-json\/wp\/v2\/pages"}],"about":[{"href":"https:\/\/tgbl-onlit.tangiblelaunchpad.com\/fr\/wp-json\/wp\/v2\/types\/page"}],"author":[{"embeddable":true,"href":"https:\/\/tgbl-onlit.tangiblelaunchpad.com\/fr\/wp-json\/wp\/v2\/users\/32"}],"replies":[{"embeddable":true,"href":"https:\/\/tgbl-onlit.tangiblelaunchpad.com\/fr\/wp-json\/wp\/v2\/comments?post=38574"}],"version-history":[{"count":7,"href":"https:\/\/tgbl-onlit.tangiblelaunchpad.com\/fr\/wp-json\/wp\/v2\/pages\/38574\/revisions"}],"predecessor-version":[{"id":38903,"href":"https:\/\/tgbl-onlit.tangiblelaunchpad.com\/fr\/wp-json\/wp\/v2\/pages\/38574\/revisions\/38903"}],"up":[{"embeddable":true,"href":"https:\/\/tgbl-onlit.tangiblelaunchpad.com\/fr\/wp-json\/wp\/v2\/pages\/38564"}],"wp:featuredmedia":[{"embeddable":true,"href":"https:\/\/tgbl-onlit.tangiblelaunchpad.com\/fr\/wp-json\/wp\/v2\/media\/38566"}],"wp:attachment":[{"href":"https:\/\/tgbl-onlit.tangiblelaunchpad.com\/fr\/wp-json\/wp\/v2\/media?parent=38574"}],"wp:term":[{"taxonomy":"content-language","embeddable":true,"href":"https:\/\/tgbl-onlit.tangiblelaunchpad.com\/fr\/wp-json\/wp\/v2\/content-language?post=38574"}],"curies":[{"name":"wp","href":"https:\/\/api.w.org\/{rel}","templated":true}]}}