{"id":38580,"date":"2025-05-13T09:06:21","date_gmt":"2025-05-13T13:06:21","guid":{"rendered":"https:\/\/tgbl-onlit.tangiblelaunchpad.com\/?page_id=38580"},"modified":"2025-06-02T13:11:45","modified_gmt":"2025-06-02T17:11:45","slug":"la-combinaison-des-phrases","status":"publish","type":"page","link":"https:\/\/tgbl-onlit.tangiblelaunchpad.com\/fr\/b3-les-apprentissages-linguistiques\/la-combinaison-des-phrases\/","title":{"rendered":"La combinaison des phrases"},"content":{"rendered":"\t\t<div data-elementor-type=\"wp-page\" data-elementor-id=\"38580\" class=\"elementor elementor-38580 elementor-38334\" data-elementor-post-type=\"page\">\n\t\t\t\t<div class=\"elementor-element elementor-element-4854d8e0 e-flex e-con-boxed e-con e-parent\" data-id=\"4854d8e0\" data-element_type=\"container\" data-e-type=\"container\">\n\t\t\t\t\t<div class=\"e-con-inner\">\n\t\t\t\t<div class=\"elementor-element elementor-element-2da1c303 elementor-widget elementor-widget-heading\" data-id=\"2da1c303\" data-element_type=\"widget\" data-e-type=\"widget\" data-widget_type=\"heading.default\">\n\t\t\t\t<div class=\"elementor-widget-container\">\n\t\t\t\t\t<h1 class=\"elementor-heading-title elementor-size-default\">La combinaison des phrases<\/h1>\t\t\t\t<\/div>\n\t\t\t\t<\/div>\n\t\t\t\t<div class=\"elementor-element elementor-element-335172f0 elementor-widget elementor-widget-text-editor\" data-id=\"335172f0\" data-element_type=\"widget\" data-e-type=\"widget\" data-widget_type=\"text-editor.default\">\n\t\t\t\t<div class=\"elementor-widget-container\">\n\t\t\t\t\t\t\t\t\t<p>Parmi toutes les activit\u00e9s propos\u00e9es, la combinaison de phrases est l\u2019une des plus document\u00e9es par la recherche. Cette approche consiste \u00e0 pr\u00e9senter deux ou plusieurs phrases simples et \u00e0 amener les \u00e9l\u00e8ves \u00e0 les combiner en une seule phrase grammaticalement correcte. Cette strat\u00e9gie peut d\u00e9buter avec des phrases tr\u00e8s simples et gagner en complexit\u00e9 progressivement. Un encadrement structur\u00e9 peut \u00eatre mis en place : des amorces pr\u00e9cises ou des arrangements guid\u00e9s permettent de soutenir la construction des structures cibl\u00e9es.<\/p><p>Comme pour tout enseignement explicite et syst\u00e9matique, les activit\u00e9s de combinaison de phrases peuvent suivre une progression structur\u00e9e. L\u2019extrait suivant de Writing Next pr\u00e9sente une s\u00e9quence qui soutient les \u00e9l\u00e8ves dans le d\u00e9veloppement de leurs comp\u00e9tences pour r\u00e9diger des phrases complexes :<\/p>\t\t\t\t\t\t\t\t<\/div>\n\t\t\t\t<\/div>\n\t\t\t\t<div class=\"elementor-element elementor-element-a360169 elementor-widget elementor-widget-text-editor\" data-id=\"a360169\" data-element_type=\"widget\" data-e-type=\"widget\" data-widget_type=\"text-editor.default\">\n\t\t\t\t<div class=\"elementor-widget-container\">\n\t\t\t\t\t\t\t\t\t<p><em>Dans une approche structur\u00e9e, des \u00e9l\u00e8ves ayant des niveaux vari\u00e9s en \u00e9criture sont jumel\u00e9s pour recevoir six le\u00e7ons qui visent \u00e0 d\u00e9velopper la capacit\u00e9 \u00e0 combiner des phrases simples en phrases plus complexes. Ces le\u00e7ons portent sur : <\/em><\/p><ol><li><em>La combinaison de phrases li\u00e9es en une phrase compos\u00e9e \u00e0 l\u2019aide de connecteurs comme et, mais et parce que ; <\/em><\/li><li><em>L\u2019int\u00e9gration d\u2019un adjectif ou d\u2019un adverbe provenant d\u2019une phrase dans une autre ; <\/em><\/li><li><em>La cr\u00e9ation de phrases complexes par l\u2019insertion de propositions subordonn\u00e9es circonstancielles ou relatives ; <\/em><\/li><li><em>L\u2019int\u00e9gration multiple d\u2019adjectifs, d\u2019adverbes, de propositions subordonn\u00e9es circonstancielles et relatives<\/em><\/li><\/ol><p><em>L\u2019enseignement est soutenu par la mod\u00e9lisation de la part du personnel enseignant, et les \u00e9l\u00e8ves travaillent en collaboration pour mettre en pratique les habilet\u00e9s cibl\u00e9es.<\/em> <\/p>\t\t\t\t\t\t\t\t<\/div>\n\t\t\t\t<\/div>\n\t\t\t\t<div class=\"elementor-element elementor-element-f0d98a9 elementor-widget elementor-widget-text-editor\" data-id=\"f0d98a9\" data-element_type=\"widget\" data-e-type=\"widget\" data-widget_type=\"text-editor.default\">\n\t\t\t\t<div class=\"elementor-widget-container\">\n\t\t\t\t\t\t\t\t\t<p>Dans cette vid\u00e9o, diff\u00e9rentes \u00e9tapes de la combinaison de phrases seront explor\u00e9es, ainsi que des fa\u00e7on d\u2019int\u00e9grer cette strat\u00e9gie dans des contextes d\u2019enseignement \u00e0 diff\u00e9rents niveaux scolaires. <\/p>\t\t\t\t\t\t\t\t<\/div>\n\t\t\t\t<\/div>\n\t\t\t\t<div class=\"elementor-element elementor-element-8c7b2de elementor-widget elementor-widget-video\" data-id=\"8c7b2de\" data-element_type=\"widget\" data-e-type=\"widget\" data-settings=\"{&quot;youtube_url&quot;:&quot;https:\\\/\\\/youtu.be\\\/uIVe6W_MJJI&quot;,&quot;video_type&quot;:&quot;youtube&quot;,&quot;controls&quot;:&quot;yes&quot;}\" data-widget_type=\"video.default\">\n\t\t\t\t<div class=\"elementor-widget-container\">\n\t\t\t\t\t\t\t<div class=\"elementor-wrapper elementor-open-inline\">\n\t\t\t<div class=\"elementor-video\"><\/div>\t\t<\/div>\n\t\t\t\t\t\t<\/div>\n\t\t\t\t<\/div>\n\t\t\t\t<div class=\"elementor-element elementor-element-b88819b elementor-widget elementor-widget-heading\" data-id=\"b88819b\" data-element_type=\"widget\" data-e-type=\"widget\" data-widget_type=\"heading.default\">\n\t\t\t\t<div class=\"elementor-widget-container\">\n\t\t\t\t\t<h2 class=\"elementor-heading-title elementor-size-default\">Ressources<\/h2>\t\t\t\t<\/div>\n\t\t\t\t<\/div>\n\t\t\t\t<div class=\"elementor-element elementor-element-d34da26 elementor-widget elementor-widget-text-editor\" data-id=\"d34da26\" data-element_type=\"widget\" data-e-type=\"widget\" data-widget_type=\"text-editor.default\">\n\t\t\t\t<div class=\"elementor-widget-container\">\n\t\t\t\t\t\t\t\t\t<p>Voici quelques excellentes ressources pour soutenir cette strat\u00e9gie. Bien qu\u2019elles soient offertes uniquement en anglais, plusieurs \u00e9l\u00e9ments pr\u00e9sentes s\u2019arriment aux pratiques efficaces en enseignement du fran\u00e7ais et peuvent enrichir la r\u00e9flexion p\u00e9dagogique.<\/p>\t\t\t\t\t\t\t\t<\/div>\n\t\t\t\t<\/div>\n\t\t\t\t<div class=\"elementor-element elementor-element-85409b1 elementor-widget elementor-widget-text-editor\" data-id=\"85409b1\" data-element_type=\"widget\" data-e-type=\"widget\" data-widget_type=\"text-editor.default\">\n\t\t\t\t<div class=\"elementor-widget-container\">\n\t\t\t\t\t\t\t\t\t<ul><li><a href=\"https:\/\/files.eric.ed.gov\/fulltext\/EJ1071604.pdf\" target=\"_blank\" rel=\"noopener\">Improving Sentences via Sentence Combining<\/a> par Bruce Saddler<\/li><li><a href=\"https:\/\/www.carnegie.org\/publications\/writing-next-effective-strategies-to-improve-writing-of-adolescents-in-middle-and-high-schools\/\" target=\"_blank\" rel=\"noopener\">Writing Next<\/a> par Steve Graham et Dolores Perin<\/li><\/ul>\t\t\t\t\t\t\t\t<\/div>\n\t\t\t\t<\/div>\n\t\t<div class=\"elementor-element elementor-element-50125736 e-con-full e-flex e-con e-child\" data-id=\"50125736\" data-element_type=\"container\" data-e-type=\"container\">\n\t\t\t\t<div class=\"elementor-element elementor-element-c07ba29 elementor-align-left elementor-widget__width-initial elementor-mobile-align-center elementor-widget elementor-widget-button\" data-id=\"c07ba29\" data-element_type=\"widget\" data-e-type=\"widget\" data-widget_type=\"button.default\">\n\t\t\t\t<div class=\"elementor-widget-container\">\n\t\t\t\t\t\t\t\t\t<div class=\"elementor-button-wrapper\">\n\t\t\t\t\t<a class=\"elementor-button elementor-button-link elementor-size-sm\" href=\"https:\/\/tgbl-onlit.tangiblelaunchpad.com\/fr\/b3-les-apprentissages-linguistiques\/lenrichissement-des-phrases\/\">\n\t\t\t\t\t\t<span class=\"elementor-button-content-wrapper\">\n\t\t\t\t\t\t\t\t\t<span class=\"elementor-button-text\">&lt;&lt; Retour<\/span>\n\t\t\t\t\t<\/span>\n\t\t\t\t\t<\/a>\n\t\t\t\t<\/div>\n\t\t\t\t\t\t\t\t<\/div>\n\t\t\t\t<\/div>\n\t\t\t\t<div class=\"elementor-element elementor-element-12440d24 elementor-align-right elementor-widget__width-initial elementor-mobile-align-center elementor-widget elementor-widget-button\" data-id=\"12440d24\" data-element_type=\"widget\" data-e-type=\"widget\" data-widget_type=\"button.default\">\n\t\t\t\t<div class=\"elementor-widget-container\">\n\t\t\t\t\t\t\t\t\t<div class=\"elementor-button-wrapper\">\n\t\t\t\t\t<a class=\"elementor-button elementor-button-link elementor-size-sm\" href=\"https:\/\/tgbl-onlit.tangiblelaunchpad.com\/fr\/b3-les-apprentissages-linguistiques\/la-coherence-textuelle\/\">\n\t\t\t\t\t\t<span class=\"elementor-button-content-wrapper\">\n\t\t\t\t\t\t\t\t\t<span class=\"elementor-button-text\">Suivant &gt;&gt;<\/span>\n\t\t\t\t\t<\/span>\n\t\t\t\t\t<\/a>\n\t\t\t\t<\/div>\n\t\t\t\t\t\t\t\t<\/div>\n\t\t\t\t<\/div>\n\t\t\t\t<\/div>\n\t\t\t\t\t<\/div>\n\t\t\t\t<\/div>\n\t\t\t\t<\/div>\n\t\t","protected":false},"excerpt":{"rendered":"<p>La combinaison des phrases Parmi toutes les activit\u00e9s propos\u00e9es, la combinaison de phrases est l\u2019une des plus document\u00e9es par la recherche. Cette approche consiste \u00e0 pr\u00e9senter deux ou plusieurs phrases&#8230;<\/p>\n","protected":false},"author":32,"featured_media":38566,"parent":38564,"menu_order":0,"comment_status":"closed","ping_status":"closed","template":"","meta":{"_acf_changed":false,"_kad_post_transparent":"","_kad_post_title":"hide","_kad_post_layout":"fullwidth","_kad_post_sidebar_id":"","_kad_post_content_style":"unboxed","_kad_post_vertical_padding":"hide","_kad_post_feature":"hide","_kad_post_feature_position":"","_kad_post_header":false,"_kad_post_footer":false,"_kad_post_classname":"","footnotes":""},"content-language":[509],"class_list":["post-38580","page","type-page","status-publish","has-post-thumbnail","hentry","content-language-francais"],"acf":[],"_links":{"self":[{"href":"https:\/\/tgbl-onlit.tangiblelaunchpad.com\/fr\/wp-json\/wp\/v2\/pages\/38580","targetHints":{"allow":["GET"]}}],"collection":[{"href":"https:\/\/tgbl-onlit.tangiblelaunchpad.com\/fr\/wp-json\/wp\/v2\/pages"}],"about":[{"href":"https:\/\/tgbl-onlit.tangiblelaunchpad.com\/fr\/wp-json\/wp\/v2\/types\/page"}],"author":[{"embeddable":true,"href":"https:\/\/tgbl-onlit.tangiblelaunchpad.com\/fr\/wp-json\/wp\/v2\/users\/32"}],"replies":[{"embeddable":true,"href":"https:\/\/tgbl-onlit.tangiblelaunchpad.com\/fr\/wp-json\/wp\/v2\/comments?post=38580"}],"version-history":[{"count":10,"href":"https:\/\/tgbl-onlit.tangiblelaunchpad.com\/fr\/wp-json\/wp\/v2\/pages\/38580\/revisions"}],"predecessor-version":[{"id":38922,"href":"https:\/\/tgbl-onlit.tangiblelaunchpad.com\/fr\/wp-json\/wp\/v2\/pages\/38580\/revisions\/38922"}],"up":[{"embeddable":true,"href":"https:\/\/tgbl-onlit.tangiblelaunchpad.com\/fr\/wp-json\/wp\/v2\/pages\/38564"}],"wp:featuredmedia":[{"embeddable":true,"href":"https:\/\/tgbl-onlit.tangiblelaunchpad.com\/fr\/wp-json\/wp\/v2\/media\/38566"}],"wp:attachment":[{"href":"https:\/\/tgbl-onlit.tangiblelaunchpad.com\/fr\/wp-json\/wp\/v2\/media?parent=38580"}],"wp:term":[{"taxonomy":"content-language","embeddable":true,"href":"https:\/\/tgbl-onlit.tangiblelaunchpad.com\/fr\/wp-json\/wp\/v2\/content-language?post=38580"}],"curies":[{"name":"wp","href":"https:\/\/api.w.org\/{rel}","templated":true}]}}