{"id":38734,"date":"2025-05-22T11:12:59","date_gmt":"2025-05-22T15:12:59","guid":{"rendered":"https:\/\/tgbl-onlit.tangiblelaunchpad.com\/?page_id=38734"},"modified":"2025-06-02T13:09:31","modified_gmt":"2025-06-02T17:09:31","slug":"2e-annee","status":"publish","type":"page","link":"https:\/\/tgbl-onlit.tangiblelaunchpad.com\/fr\/ecrire-avec-lapproche-thinksrsd\/2e-annee\/","title":{"rendered":"2e ann\u00e9e"},"content":{"rendered":"\t\t<div data-elementor-type=\"wp-page\" data-elementor-id=\"38734\" class=\"elementor elementor-38734\" data-elementor-post-type=\"page\">\n\t\t\t\t<div class=\"elementor-element elementor-element-1064864 e-flex e-con-boxed e-con e-parent\" data-id=\"1064864\" data-element_type=\"container\" data-e-type=\"container\">\n\t\t\t\t\t<div class=\"e-con-inner\">\n\t\t\t\t<div class=\"elementor-element elementor-element-c3262c2 elementor-widget elementor-widget-heading\" data-id=\"c3262c2\" data-element_type=\"widget\" data-e-type=\"widget\" data-widget_type=\"heading.default\">\n\t\t\t\t<div class=\"elementor-widget-container\">\n\t\t\t\t\t<h2 class=\"elementor-heading-title elementor-size-default\">2e ann\u00e9e<\/h2>\t\t\t\t<\/div>\n\t\t\t\t<\/div>\n\t\t\t\t<div class=\"elementor-element elementor-element-6173bda elementor-widget elementor-widget-text-editor\" data-id=\"6173bda\" data-element_type=\"widget\" data-e-type=\"widget\" data-widget_type=\"text-editor.default\">\n\t\t\t\t<div class=\"elementor-widget-container\">\n\t\t\t\t\t\t\t\t\t<p>En deuxi\u00e8me ann\u00e9e, thinkSRSD aide les \u00e9l\u00e8ves \u00e0 renforcer leurs comp\u00e9tences en \u00e9criture en leur offrant des strat\u00e9gies claires et adapt\u00e9es \u00e0 leurs besoins. En utilisant le mod\u00e8le de texte Les pieuvres, les \u00e9l\u00e8ves apprendront \u00e0 d\u00e9crire les caract\u00e9ristiques uniques des pieuvres, comme leur bras flexible, leur intelligence et leur capacit\u00e9 \u00e0 se camoufler. En suivant les \u00e9tapes de thinkSRSD, les \u00e9l\u00e8ves seront invit\u00e9s \u00e0 structurer leurs id\u00e9es et \u00e0 r\u00e9diger leurs propres textes, tout en explorant les merveilles du monde sous-marin. Pr\u00e9parez-vous \u00e0 d\u00e9couvrir les pieuvres et \u00e0 \u00e9crire sur elles avec cr\u00e9ativit\u00e9 et assurance !<\/p>\t\t\t\t\t\t\t\t<\/div>\n\t\t\t\t<\/div>\n\t\t\t\t<div class=\"elementor-element elementor-element-59372c3 elementor-widget elementor-widget-heading\" data-id=\"59372c3\" data-element_type=\"widget\" data-e-type=\"widget\" data-widget_type=\"heading.default\">\n\t\t\t\t<div class=\"elementor-widget-container\">\n\t\t\t\t\t<h2 class=\"elementor-heading-title elementor-size-default\">Ressources<\/h2>\t\t\t\t<\/div>\n\t\t\t\t<\/div>\n\t\t\t\t<div class=\"elementor-element elementor-element-29464ae elementor-widget elementor-widget-text-editor\" data-id=\"29464ae\" data-element_type=\"widget\" data-e-type=\"widget\" data-widget_type=\"text-editor.default\">\n\t\t\t\t<div class=\"elementor-widget-container\">\n\t\t\t\t\t\t\t\t\t<ul><li style=\"list-style-type: none\"><ul><li><a href=\"https:\/\/drive.google.com\/file\/d\/1VV_WExNWMFMnlR_na1Gb28D7XZZTRws2\/view?usp=drive_link\" target=\"_blank\" rel=\"noopener\">\u00c9crire avec thinkSRSD &#8211; 2e ann\u00e9e &#8211; Guide compl\u00e8t<\/a><\/li><li><a href=\"https:\/\/drive.google.com\/drive\/folders\/1hFXMuAJhfGAd4ynNRmsQvfpDKe60bTqQ?usp=drive_link\" target=\"_blank\" rel=\"noopener\">Ressources transversales<\/a><\/li><li><a href=\"https:\/\/drive.google.com\/file\/d\/1LKT2sCTdFKNYuh6RYBZX527va14n0Rvw\/view?usp=drive_link\" target=\"_blank\" rel=\"noopener\">Mat\u00e9riels pour le personnel enseignant &#8211; Les pievres<\/a><\/li><li><a href=\"https:\/\/drive.google.com\/file\/d\/1yahkyY8SpQ36ELlakieZiElUAcpQmgM6\/view?usp=drive_link\" target=\"_blank\" rel=\"noopener\">Texte mod\u00e8le &#8211; Les pievres<\/a><\/li><li><a href=\"https:\/\/drive.google.com\/file\/d\/1QpNCvSiEb0-Cyuaf-xI-x2EXJoPFv6bf\/view?usp=drive_link\" target=\"_blank\" rel=\"noopener\">Text mod\u00e8le &#8211; Le camouflage<\/a><\/li><li><a href=\"https:\/\/docs.google.com\/document\/d\/1ZA7YSHDtxyjQ21pFb7OuwS_cDUx0ugaDen_751N7fM8\/edit?usp=drive_link\" target=\"_blank\" rel=\"noopener\">Exemplaires &#8211; Les pievres<\/a>\u00a0<\/li><li><a href=\"https:\/\/docs.google.com\/document\/d\/1uPEnrlJf3S5bzjVnbGUvlz834Adlpgg5T6qs0XQrZnQ\/edit?usp=drive_link\" target=\"_blank\" rel=\"noopener\">Pr\u00e9\u00e9valuation<\/a><\/li><li><a href=\"https:\/\/drive.google.com\/file\/d\/1Q4FhWdCBoGyeFm-TzMUqjVo3JMtxtUTx\/view?usp=drive_link\" target=\"_blank\" rel=\"noopener\">Grille d\u2019\u00e9valuation<\/a>\u00a0<\/li><li><a href=\"https:\/\/docs.google.com\/document\/d\/1gfvr3hN1KNuhVExXguPVLkk83YFscXokT10N2F43SDo\/edit?usp=drive_link\" target=\"_blank\" rel=\"noopener\">R\u00e9flexion sur mon \u00e9criture<\/a><\/li><\/ul><\/li><\/ul><p>\u00a0<\/p>\t\t\t\t\t\t\t\t<\/div>\n\t\t\t\t<\/div>\n\t\t\t\t\t<\/div>\n\t\t\t\t<\/div>\n\t\t\t\t<\/div>\n\t\t","protected":false},"excerpt":{"rendered":"<p>2e ann\u00e9e En deuxi\u00e8me ann\u00e9e, thinkSRSD aide les \u00e9l\u00e8ves \u00e0 renforcer leurs comp\u00e9tences en \u00e9criture en leur offrant des strat\u00e9gies claires et adapt\u00e9es \u00e0 leurs besoins. En utilisant le mod\u00e8le&#8230;<\/p>\n","protected":false},"author":32,"featured_media":38725,"parent":38724,"menu_order":0,"comment_status":"closed","ping_status":"closed","template":"","meta":{"_acf_changed":false,"_kad_post_transparent":"","_kad_post_title":"hide","_kad_post_layout":"fullwidth","_kad_post_sidebar_id":"","_kad_post_content_style":"unboxed","_kad_post_vertical_padding":"hide","_kad_post_feature":"hide","_kad_post_feature_position":"","_kad_post_header":false,"_kad_post_footer":false,"_kad_post_classname":"","footnotes":""},"content-language":[509],"class_list":["post-38734","page","type-page","status-publish","has-post-thumbnail","hentry","content-language-francais"],"acf":[],"_links":{"self":[{"href":"https:\/\/tgbl-onlit.tangiblelaunchpad.com\/fr\/wp-json\/wp\/v2\/pages\/38734","targetHints":{"allow":["GET"]}}],"collection":[{"href":"https:\/\/tgbl-onlit.tangiblelaunchpad.com\/fr\/wp-json\/wp\/v2\/pages"}],"about":[{"href":"https:\/\/tgbl-onlit.tangiblelaunchpad.com\/fr\/wp-json\/wp\/v2\/types\/page"}],"author":[{"embeddable":true,"href":"https:\/\/tgbl-onlit.tangiblelaunchpad.com\/fr\/wp-json\/wp\/v2\/users\/32"}],"replies":[{"embeddable":true,"href":"https:\/\/tgbl-onlit.tangiblelaunchpad.com\/fr\/wp-json\/wp\/v2\/comments?post=38734"}],"version-history":[{"count":14,"href":"https:\/\/tgbl-onlit.tangiblelaunchpad.com\/fr\/wp-json\/wp\/v2\/pages\/38734\/revisions"}],"predecessor-version":[{"id":38813,"href":"https:\/\/tgbl-onlit.tangiblelaunchpad.com\/fr\/wp-json\/wp\/v2\/pages\/38734\/revisions\/38813"}],"up":[{"embeddable":true,"href":"https:\/\/tgbl-onlit.tangiblelaunchpad.com\/fr\/wp-json\/wp\/v2\/pages\/38724"}],"wp:featuredmedia":[{"embeddable":true,"href":"https:\/\/tgbl-onlit.tangiblelaunchpad.com\/fr\/wp-json\/wp\/v2\/media\/38725"}],"wp:attachment":[{"href":"https:\/\/tgbl-onlit.tangiblelaunchpad.com\/fr\/wp-json\/wp\/v2\/media?parent=38734"}],"wp:term":[{"taxonomy":"content-language","embeddable":true,"href":"https:\/\/tgbl-onlit.tangiblelaunchpad.com\/fr\/wp-json\/wp\/v2\/content-language?post=38734"}],"curies":[{"name":"wp","href":"https:\/\/api.w.org\/{rel}","templated":true}]}}