{"id":40835,"date":"2025-12-08T11:48:21","date_gmt":"2025-12-08T16:48:21","guid":{"rendered":"https:\/\/tgbl-onlit.tangiblelaunchpad.com\/?page_id=40835"},"modified":"2026-01-28T11:42:14","modified_gmt":"2026-01-28T16:42:14","slug":"les-recits-personnels-et-le-pouvoir-de-la-memoire","status":"publish","type":"page","link":"https:\/\/tgbl-onlit.tangiblelaunchpad.com\/fr\/apprendre-lire-et-grandir\/9e-annee\/les-recits-personnels-et-le-pouvoir-de-la-memoire\/","title":{"rendered":"Les r\u00e9cits personnels et le pouvoir de la m\u00e9moire"},"content":{"rendered":"\n<h4 class=\"wp-block-heading\">9e ann\u00e9e &#8211; unit\u00e9 1<\/h4>\n\n\n\n<h2 class=\"wp-block-heading\">Les r\u00e9cits personnels et le pouvoir de la m\u00e9moire<\/h2>\n\n\n\n<p>Unit\u00e9 1 s\u2019articule autour d\u2019un r\u00e9cit personnel puissant, riche en dimensions identitaires, \u00e9motionnelles, culturelles et r\u00e9flexives. Le texte mod\u00e8le La naissance de Hope Arises sert d\u2019ancrage et montre aux \u00e9l\u00e8ves comment une exp\u00e9rience v\u00e9cue peut r\u00e9v\u00e9ler des id\u00e9es plus profondes li\u00e9es \u00e0 l\u2019esp\u00e9rance, \u00e0 la r\u00e9silience et \u00e0 la communaut\u00e9. Tout au long de l\u2019unit\u00e9, les \u00e9l\u00e8ves utilisent ce texte mod\u00e8le pour examiner comment les auteurs construisent le sens, d\u00e9veloppent leur voix et \u00e9tablissent des liens entre des moments personnels et des th\u00e8mes universels.<\/p>\n\n\n\n<figure class=\"wp-block-image size-large\"><img fetchpriority=\"high\" decoding=\"async\" width=\"890\" height=\"1024\" src=\"https:\/\/tgbl-onlit.tangiblelaunchpad.com\/wp-content\/uploads\/2025\/12\/Grade9Unit1_PersonalNarratvieThinkSRSDgraphicFRv2-890x1024.png\" alt=\"\" class=\"wp-image-40924\" title=\"\" srcset=\"https:\/\/tgbl-onlit.tangiblelaunchpad.com\/wp-content\/uploads\/2025\/12\/Grade9Unit1_PersonalNarratvieThinkSRSDgraphicFRv2-890x1024.png 890w, https:\/\/tgbl-onlit.tangiblelaunchpad.com\/wp-content\/uploads\/2025\/12\/Grade9Unit1_PersonalNarratvieThinkSRSDgraphicFRv2-261x300.png 261w, https:\/\/tgbl-onlit.tangiblelaunchpad.com\/wp-content\/uploads\/2025\/12\/Grade9Unit1_PersonalNarratvieThinkSRSDgraphicFRv2-768x884.png 768w, https:\/\/tgbl-onlit.tangiblelaunchpad.com\/wp-content\/uploads\/2025\/12\/Grade9Unit1_PersonalNarratvieThinkSRSDgraphicFRv2-1334x1536.png 1334w, https:\/\/tgbl-onlit.tangiblelaunchpad.com\/wp-content\/uploads\/2025\/12\/Grade9Unit1_PersonalNarratvieThinkSRSDgraphicFRv2.png 1383w\" sizes=\"(max-width: 890px) 100vw, 890px\" \/><\/figure>\n\n\n\n<h3 class=\"wp-block-heading\">La fluidit\u00e9 en perspective &#8211; Le pouvoir de la m\u00e9moire<\/h3>\n\n\n\n<p>Dans l\u2019unit\u00e9 1, le texte de fluidit\u00e9 soutient l\u2019exploration du pouvoir de la m\u00e9moire et des fa\u00e7ons dont les r\u00e9cits personnels contribuent \u00e0 la compr\u00e9hension de l\u2019identit\u00e9, de l\u2019exp\u00e9rience et de la perspective. Gr\u00e2ce \u00e0 des relectures successives et au suivi des progr\u00e8s r\u00e9alis\u00e9s au fil de la semaine, le d\u00e9veloppement et la fluidit\u00e9 s\u2019approfondit, tout comme la familiarit\u00e9 avec la langue, la structure et les id\u00e9es qui caract\u00e9risent ce type d\u2019\u00e9criture.<\/p>\n\n\n\n<ul class=\"wp-block-list\">\n<li><a href=\"https:\/\/drive.google.com\/drive\/folders\/1SLTQZJcLSb3b1OWyfgaCbcwC6Hxbi0WM?usp=sharing\" data-type=\"link\" data-id=\"https:\/\/drive.google.com\/drive\/folders\/1SLTQZJcLSb3b1OWyfgaCbcwC6Hxbi0WM?usp=sharing\" target=\"_blank\" rel=\"noreferrer noopener\">Texte de fluidit\u00e9<\/a> &#8211; <em>Le pouvoir de la m\u00e9moire : comprendre le r\u00e9cit personnel<\/em><\/li>\n\n\n\n<li><a href=\"https:\/\/drive.google.com\/drive\/folders\/1CzLPqxdX-ajaTASt-1EKznATJDqhVrIQ?usp=sharing\" data-type=\"link\" data-id=\"https:\/\/drive.google.com\/drive\/folders\/1CzLPqxdX-ajaTASt-1EKznATJDqhVrIQ?usp=sharing\" target=\"_blank\" rel=\"noreferrer noopener\">Fiche de r\u00e9f\u00e9rence<\/a> &#8211; fluidit\u00e9\n<ul class=\"wp-block-list\">\n<li><a href=\"https:\/\/drive.google.com\/drive\/folders\/1ifcpAssc56PyQNrw6IX7AUs2uUfCO392?usp=sharing\" data-type=\"link\" data-id=\"https:\/\/drive.google.com\/drive\/folders\/1ifcpAssc56PyQNrw6IX7AUs2uUfCO392?usp=sharing\" target=\"_blank\" rel=\"noreferrer noopener\">Fiche de r\u00e9f\u00e9rence rapide <\/a>&#8211; fluidit\u00e9<\/li>\n\n\n\n<li><a href=\"https:\/\/drive.google.com\/drive\/folders\/11zH1pYaUw9OCMX3wZ6pQXOSM8rT0W2qR?usp=sharing\" data-type=\"link\" data-id=\"https:\/\/drive.google.com\/drive\/folders\/11zH1pYaUw9OCMX3wZ6pQXOSM8rT0W2qR?usp=sharing\" target=\"_blank\" rel=\"noreferrer noopener\">Diaporama p\u00e9dagogique<\/a> &#8211; fluidit\u00e9\n<ul class=\"wp-block-list\">\n<li><a href=\"https:\/\/drive.google.com\/drive\/folders\/1NSy1sbXVp9yY8KRqgZ7TWiO1Piy_J8qe?usp=sharing\" data-type=\"link\" data-id=\"https:\/\/drive.google.com\/drive\/folders\/1NSy1sbXVp9yY8KRqgZ7TWiO1Piy_J8qe?usp=sharing\" target=\"_blank\" rel=\"noreferrer noopener\">Routine de fluidit\u00e9 de la lecture<\/a><\/li>\n<\/ul>\n<\/li>\n<\/ul>\n<\/li>\n<\/ul>\n\n\n\n<h3 class=\"wp-block-heading\">Cycle d\u2019\u00e9criture structur\u00e9e &#8211; <em>La naissance de Hope Arises<\/em><\/h3>\n\n\n\n<p>Dans l\u2019unit\u00e9 1, l\u2019apprentissage met l\u2019accent sur le pouvoir du r\u00e9cit personnel. \u00c0 partir du texte mod\u00e8le La naissance de Hope Arises, l\u2019analyse porte sur la mani\u00e8re dont les exp\u00e9riences v\u00e9cues, l\u2019identit\u00e9 culturelle et les moments significatifs peuvent contribuer \u00e0 l\u2019\u00e9laboration d\u2019un message profond li\u00e9 \u00e0 soi, \u00e0 la r\u00e9silience et \u00e0 l\u2019esp\u00e9rance.<\/p>\n\n\n\n<p>Dans le cadre du cycle d\u2019\u00e9criture structur\u00e9, l\u2019enseignement permet d\u2019examiner les caract\u00e9ristiques d\u2019un r\u00e9cit personnel solide, de g\u00e9n\u00e9rer des id\u00e9es ancr\u00e9es dans des exp\u00e9riences authentiques, de planifier \u00e0 l\u2019aide de la structure TIDE de thinkSRSD et de r\u00e9diger un r\u00e9cit clair et coh\u00e9rent centr\u00e9 sur un seul \u00e9v\u00e9nement. Gr\u00e2ce au texte mod\u00e8le, aux exemplaires, \u00e0 la d\u00e9marche de vocabulaire et aux pratiques guid\u00e9es, le d\u00e9veloppement des habilet\u00e9s et de la confiance n\u00e9cessaires pour exprimer une voix authentique \u00e0 l\u2019\u00e9crit est soutenu de fa\u00e7on progressive.<\/p>\n\n\n\n<ul class=\"wp-block-list\">\n<li><a href=\"https:\/\/drive.google.com\/drive\/folders\/18Kvtn8leAAp0QAy8k40URVrmGDr48lzr?usp=drive_link\" data-type=\"link\" data-id=\"https:\/\/drive.google.com\/drive\/folders\/18Kvtn8leAAp0QAy8k40URVrmGDr48lzr?usp=drive_link\" target=\"_blank\" rel=\"noreferrer noopener\">Texte mod\u00e8le<\/a> &#8211; <em>La naissance de Hope Arises &#8211; Un organisme de bienfaisance engag\u00e9 dans la v\u00e9rit\u00e9 et la r\u00e9conciliation : un r\u00e9cit personne<\/em>l par Joyce Jonathan Crone<\/li>\n\n\n\n<li><a href=\"https:\/\/drive.google.com\/drive\/folders\/1HtCdoPwnskKDCT7F-SEQm4uxB4OiHU5X?usp=drive_link\" data-type=\"link\" data-id=\"https:\/\/drive.google.com\/drive\/folders\/1HtCdoPwnskKDCT7F-SEQm4uxB4OiHU5X?usp=drive_link\" target=\"_blank\" rel=\"noreferrer noopener\">Fiche de r\u00e9f\u00e9rence<\/a> pour l\u2019\u00e9criture structur\u00e9e\n<ul class=\"wp-block-list\">\n<li><a href=\"https:\/\/drive.google.com\/drive\/folders\/15xRpKrLIrssNAkH8vtlIj3qUMv9J_iiN?usp=drive_link\" data-type=\"link\" data-id=\"https:\/\/drive.google.com\/drive\/folders\/15xRpKrLIrssNAkH8vtlIj3qUMv9J_iiN?usp=drive_link\" target=\"_blank\" rel=\"noreferrer noopener\">Fiche de r\u00e9f\u00e9rence rapide<\/a> &#8211; l&rsquo;\u00e9criture structur\u00e9e<\/li>\n\n\n\n<li><a href=\"https:\/\/drive.google.com\/drive\/folders\/1CQkexP_fT74PYkY8WJs3TmpFITmlPZCZ?usp=drive_link\" data-type=\"link\" data-id=\"https:\/\/drive.google.com\/drive\/folders\/1CQkexP_fT74PYkY8WJs3TmpFITmlPZCZ?usp=drive_link\" target=\"_blank\" rel=\"noreferrer noopener\">Diaporama p\u00e9dagogique<\/a> &#8211; l&rsquo;\u00e9criture structur\u00e9e<\/li>\n\n\n\n<li><a href=\"https:\/\/drive.google.com\/drive\/folders\/1Ne-AZM0mzqNKhs8WkgoA9BPpDXC5MgC0?usp=drive_link\" data-type=\"link\" data-id=\"https:\/\/drive.google.com\/drive\/folders\/1Ne-AZM0mzqNKhs8WkgoA9BPpDXC5MgC0?usp=drive_link\" target=\"_blank\" rel=\"noreferrer noopener\">Diaporama p\u00e9dagogique<\/a> &#8211; vocabulaire\n<ul class=\"wp-block-list\">\n<li><a href=\"https:\/\/drive.google.com\/drive\/folders\/1w7d50XRUg_CpiFPsNCnlLfXblpyCqyUc?usp=drive_link\" data-type=\"link\" data-id=\"https:\/\/drive.google.com\/drive\/folders\/1w7d50XRUg_CpiFPsNCnlLfXblpyCqyUc?usp=drive_link\" target=\"_blank\" rel=\"noreferrer noopener\">Cartes de vocabulaire<\/a><\/li>\n<\/ul>\n<\/li>\n\n\n\n<li><a href=\"https:\/\/drive.google.com\/drive\/folders\/19CmDKV0L2H6Ezw0yM5dAmx1T35_EV3LL?usp=drive_link\" data-type=\"link\" data-id=\"https:\/\/drive.google.com\/drive\/folders\/19CmDKV0L2H6Ezw0yM5dAmx1T35_EV3LL?usp=drive_link\" target=\"_blank\" rel=\"noreferrer noopener\">Exemplaires soulign\u00e9es<\/a><\/li>\n\n\n\n<li><a href=\"https:\/\/drive.google.com\/drive\/folders\/1z-wipB40w6JL-QqeYJtBV_67MF3qXBCz?usp=drive_link\" data-type=\"link\" data-id=\"https:\/\/drive.google.com\/drive\/folders\/1z-wipB40w6JL-QqeYJtBV_67MF3qXBCz?usp=drive_link\" target=\"_blank\" rel=\"noreferrer noopener\">Exemplaires pour les \u00e9l\u00e8ves<\/a><\/li>\n<\/ul>\n<\/li>\n<\/ul>\n\n\n\n<h3 class=\"wp-block-heading\">Comprendre la syntaxe<\/h3>\n\n\n\n<p>Dans le cycle 1, l\u2019enseignement porte sur les habilet\u00e9s syntaxiques fondamentales directement li\u00e9es au texte mod\u00e8le <em>La naissance de Hope Arises<\/em>. Les quatre le\u00e7ons guident l\u2019analyse des \u00e9l\u00e9ments essentiels d\u2019une phrase compl\u00e8te, la reconnaissance et la correction des fragments, ainsi que l\u2019enrichissement de phrases de base \u00e0 l\u2019aide de questions et de r\u00e9ponses fonctionnelles. En manipulant la structure phrastique, une prise de d\u00e9cision intentionnelle concernant la clart\u00e9, l\u2019emphase et la fluidit\u00e9 commence \u00e0 se d\u00e9velopper.<\/p>\n\n\n\n<p>Les le\u00e7ons de ce cycle portent notamment sur la composition d\u2019une phrase, l\u2019expansion des phrases pour accro\u00eetre la clart\u00e9 et la profondeur, ainsi que des activit\u00e9s d\u2019anagrammes de phrases visant \u00e0 r\u00e9organiser et \u00e0 affiner le sens.<\/p>\n\n\n\n<ul class=\"wp-block-list\">\n<li><a href=\"https:\/\/drive.google.com\/drive\/folders\/1WydWQ_AG31sv02MUcJ1F-dvYmnzSxsS0?usp=drive_link\" data-type=\"link\" data-id=\"https:\/\/drive.google.com\/drive\/folders\/1WydWQ_AG31sv02MUcJ1F-dvYmnzSxsS0?usp=drive_link\" target=\"_blank\" rel=\"noreferrer noopener\">Le\u00e7ons de syntaxe<\/a>\n<ul class=\"wp-block-list\">\n<li><a href=\"https:\/\/drive.google.com\/drive\/folders\/1GDZbU8abQf6ZHMwUM0_vXOZdSsV3rVUp?usp=drive_link\" data-type=\"link\" data-id=\"https:\/\/drive.google.com\/drive\/folders\/1GDZbU8abQf6ZHMwUM0_vXOZdSsV3rVUp?usp=drive_link\" target=\"_blank\" rel=\"noreferrer noopener\">Diaporama p\u00e9dagogique<\/a> &#8211; syntaxe<\/li>\n\n\n\n<li><a href=\"https:\/\/drive.google.com\/drive\/folders\/1qkK4DmsgNx0pYfs5pidzYCnROPV3X4ts?usp=drive_link\" data-type=\"link\" data-id=\"https:\/\/drive.google.com\/drive\/folders\/1qkK4DmsgNx0pYfs5pidzYCnROPV3X4ts?usp=drive_link\" target=\"_blank\" rel=\"noreferrer noopener\">Feuille reproductible<\/a> &#8211; le\u00e7on 2<\/li>\n\n\n\n<li><a href=\"https:\/\/drive.google.com\/drive\/folders\/1Wigxb7TUq5M_7FdgVPeI-bnT6S1zMcd6?usp=drive_link\" data-type=\"link\" data-id=\"https:\/\/drive.google.com\/drive\/folders\/1Wigxb7TUq5M_7FdgVPeI-bnT6S1zMcd6?usp=drive_link\" target=\"_blank\" rel=\"noreferrer noopener\">Feuille reproductible<\/a> &#8211; le\u00e7on 4<\/li>\n\n\n\n<li><a href=\"https:\/\/drive.google.com\/drive\/folders\/1Y9iP0yBIz1yc8bKuZRyZH9FWrf8jzyrk?usp=drive_link\" data-type=\"link\" data-id=\"https:\/\/drive.google.com\/drive\/folders\/1Y9iP0yBIz1yc8bKuZRyZH9FWrf8jzyrk?usp=drive_link\" target=\"_blank\" rel=\"noreferrer noopener\">Sch\u00e9ma de la structure de base d\u2019une phrase en fran\u00e7ais<\/a><\/li>\n<\/ul>\n<\/li>\n<\/ul>\n\n\n\n<p><\/p>\n","protected":false},"excerpt":{"rendered":"<p>9e ann\u00e9e &#8211; unit\u00e9 1 Les r\u00e9cits personnels et le pouvoir de la m\u00e9moire Unit\u00e9 1 s\u2019articule autour d\u2019un r\u00e9cit personnel puissant, riche en dimensions identitaires, \u00e9motionnelles, culturelles et r\u00e9flexives&#8230;.<\/p>\n","protected":false},"author":32,"featured_media":0,"parent":40824,"menu_order":0,"comment_status":"closed","ping_status":"closed","template":"","meta":{"_acf_changed":false,"_kad_post_transparent":"","_kad_post_title":"","_kad_post_layout":"","_kad_post_sidebar_id":"","_kad_post_content_style":"","_kad_post_vertical_padding":"","_kad_post_feature":"","_kad_post_feature_position":"","_kad_post_header":false,"_kad_post_footer":false,"_kad_post_classname":"","footnotes":""},"content-language":[509],"class_list":["post-40835","page","type-page","status-publish","hentry","content-language-francais"],"acf":[],"_links":{"self":[{"href":"https:\/\/tgbl-onlit.tangiblelaunchpad.com\/fr\/wp-json\/wp\/v2\/pages\/40835","targetHints":{"allow":["GET"]}}],"collection":[{"href":"https:\/\/tgbl-onlit.tangiblelaunchpad.com\/fr\/wp-json\/wp\/v2\/pages"}],"about":[{"href":"https:\/\/tgbl-onlit.tangiblelaunchpad.com\/fr\/wp-json\/wp\/v2\/types\/page"}],"author":[{"embeddable":true,"href":"https:\/\/tgbl-onlit.tangiblelaunchpad.com\/fr\/wp-json\/wp\/v2\/users\/32"}],"replies":[{"embeddable":true,"href":"https:\/\/tgbl-onlit.tangiblelaunchpad.com\/fr\/wp-json\/wp\/v2\/comments?post=40835"}],"version-history":[{"count":7,"href":"https:\/\/tgbl-onlit.tangiblelaunchpad.com\/fr\/wp-json\/wp\/v2\/pages\/40835\/revisions"}],"predecessor-version":[{"id":41048,"href":"https:\/\/tgbl-onlit.tangiblelaunchpad.com\/fr\/wp-json\/wp\/v2\/pages\/40835\/revisions\/41048"}],"up":[{"embeddable":true,"href":"https:\/\/tgbl-onlit.tangiblelaunchpad.com\/fr\/wp-json\/wp\/v2\/pages\/40824"}],"wp:attachment":[{"href":"https:\/\/tgbl-onlit.tangiblelaunchpad.com\/fr\/wp-json\/wp\/v2\/media?parent=40835"}],"wp:term":[{"taxonomy":"content-language","embeddable":true,"href":"https:\/\/tgbl-onlit.tangiblelaunchpad.com\/fr\/wp-json\/wp\/v2\/content-language?post=40835"}],"curies":[{"name":"wp","href":"https:\/\/api.w.org\/{rel}","templated":true}]}}