{"id":41306,"date":"2026-01-29T14:04:55","date_gmt":"2026-01-29T19:04:55","guid":{"rendered":"https:\/\/tgbl-onlit.tangiblelaunchpad.com\/?page_id=41306"},"modified":"2026-03-04T11:38:27","modified_gmt":"2026-03-04T16:38:27","slug":"5e-annee","status":"publish","type":"page","link":"https:\/\/tgbl-onlit.tangiblelaunchpad.com\/fr\/apprendre-lire-et-grandir\/5e-annee\/","title":{"rendered":"5e ann\u00e9e"},"content":{"rendered":"\n<h2 class=\"wp-block-heading\">5e ann\u00e9e &#8211; Apprendre, lire et grandir<\/h2>\n\n\n\n<p><em>Apprendre, lire et grandi<\/em>r &#8211; 5e ann\u00e9e soutient les \u00e9l\u00e8ves dans l&rsquo;approfondissement et le r\u00e9investissement des apprentissages par la lecture, l\u2019\u00e9change et l\u2019\u00e9criture \u00e0 des fins signifiantes. \u00c0 travers une vari\u00e9t\u00e9 de domaines d\u2019apprentissage, les \u00e9l\u00e8ves s\u2019engagent avec des textes riches qui favorisent le d\u00e9veloppement des connaissances de base tout en renfor\u00e7ant la compr\u00e9hension, le vocabulaire et les structures langagi\u00e8res de plus en plus complexes. <\/p>\n\n\n\n<p>Les apprentissages disciplinaires propres aux mati\u00e8res sont intentionnellement int\u00e9gr\u00e9s, permettant aux \u00e9l\u00e8ves d\u2019\u00e9tablir des liens entre les disciplines et d\u2019utiliser la langue pour approfondir leur compr\u00e9hension et communiquer leur apprentissages de fa\u00e7on pertinente et authentique.<\/p>\n\n\n\n<h3 class=\"wp-block-heading\">L\u2019\u00e9criture structur\u00e9e &#8211; 5e ann\u00e9e<\/h3>\n\n\n\n<p>L\u2019\u00e9criture structur\u00e9e en 5e ann\u00e9e met l\u2019accent sur l\u2019\u00e9criture comme un processus permettant d\u2019organiser les id\u00e9es, d\u2019approfondir la compr\u00e9hension et de communiquer les apprentissages disciplinaires avec clart\u00e9. \u00c0 travers un cycle d\u2019\u00e9criture guid\u00e9, les \u00e9l\u00e8ves analysent des textes mod\u00e8les afin d\u2019explorer la fa\u00e7on dont les auteurs et autrices d\u00e9veloppent et relient leurs id\u00e9es, utilisent diff\u00e9rentes structures textuelles pour soutenir leurs explications et choisissent un langage pr\u00e9cis pour transmettre l\u2019information. <\/p>\n\n\n\n<p>Les \u00e9l\u00e8ves r\u00e9investissent ensuite ces caract\u00e9ristiques dans leur propres productions \u00e9crites gr\u00e2ce \u00e0 un accompagnement soutenu lors de la planification, de la r\u00e9daction et de la r\u00e9vision, appuy\u00e9 par des exemplaires, un enseignement explicite de vocabulaire et des pratiques guid\u00e9es. L\u2019\u00e9criture est mobilis\u00e9e pour consolider les apprentissages issus de la lecture et des domaines disciplinaires, favorisant une compr\u00e9hension approfondie et le d\u00e9veloppement de comp\u00e9tences transf\u00e9rables \u00e0 l\u2019ensemble du programme-cadre.<\/p>\n\n\n\n<h2 class=\"wp-block-heading\">Unit\u00e9s en 5e ann\u00e9e<\/h2>\n\n\n\n<ul class=\"wp-block-list\">\n<li><strong>Unit\u00e9 1<\/strong> : <a href=\"https:\/\/tgbl-onlit.tangiblelaunchpad.com\/fr\/apprendre-lire-et-grandir\/5e-annee\/transformer-le-stress-en-force\/\" data-type=\"page\" data-id=\"41309\">Transformer le stress en force<\/a><\/li>\n\n\n\n<li><strong>Unit\u00e9 2<\/strong> : \u00c0 venir<\/li>\n<\/ul>\n\n\n\n<p><\/p>\n","protected":false},"excerpt":{"rendered":"<p>5e ann\u00e9e &#8211; Apprendre, lire et grandir Apprendre, lire et grandir &#8211; 5e ann\u00e9e soutient les \u00e9l\u00e8ves dans l&rsquo;approfondissement et le r\u00e9investissement des apprentissages par la lecture, l\u2019\u00e9change et l\u2019\u00e9criture&#8230;<\/p>\n","protected":false},"author":32,"featured_media":0,"parent":40815,"menu_order":0,"comment_status":"closed","ping_status":"closed","template":"","meta":{"_acf_changed":false,"_kad_post_transparent":"","_kad_post_title":"","_kad_post_layout":"","_kad_post_sidebar_id":"","_kad_post_content_style":"","_kad_post_vertical_padding":"","_kad_post_feature":"","_kad_post_feature_position":"","_kad_post_header":false,"_kad_post_footer":false,"_kad_post_classname":"","footnotes":""},"content-language":[509],"class_list":["post-41306","page","type-page","status-publish","hentry","content-language-francais"],"acf":[],"_links":{"self":[{"href":"https:\/\/tgbl-onlit.tangiblelaunchpad.com\/fr\/wp-json\/wp\/v2\/pages\/41306","targetHints":{"allow":["GET"]}}],"collection":[{"href":"https:\/\/tgbl-onlit.tangiblelaunchpad.com\/fr\/wp-json\/wp\/v2\/pages"}],"about":[{"href":"https:\/\/tgbl-onlit.tangiblelaunchpad.com\/fr\/wp-json\/wp\/v2\/types\/page"}],"author":[{"embeddable":true,"href":"https:\/\/tgbl-onlit.tangiblelaunchpad.com\/fr\/wp-json\/wp\/v2\/users\/32"}],"replies":[{"embeddable":true,"href":"https:\/\/tgbl-onlit.tangiblelaunchpad.com\/fr\/wp-json\/wp\/v2\/comments?post=41306"}],"version-history":[{"count":5,"href":"https:\/\/tgbl-onlit.tangiblelaunchpad.com\/fr\/wp-json\/wp\/v2\/pages\/41306\/revisions"}],"predecessor-version":[{"id":41845,"href":"https:\/\/tgbl-onlit.tangiblelaunchpad.com\/fr\/wp-json\/wp\/v2\/pages\/41306\/revisions\/41845"}],"up":[{"embeddable":true,"href":"https:\/\/tgbl-onlit.tangiblelaunchpad.com\/fr\/wp-json\/wp\/v2\/pages\/40815"}],"wp:attachment":[{"href":"https:\/\/tgbl-onlit.tangiblelaunchpad.com\/fr\/wp-json\/wp\/v2\/media?parent=41306"}],"wp:term":[{"taxonomy":"content-language","embeddable":true,"href":"https:\/\/tgbl-onlit.tangiblelaunchpad.com\/fr\/wp-json\/wp\/v2\/content-language?post=41306"}],"curies":[{"name":"wp","href":"https:\/\/api.w.org\/{rel}","templated":true}]}}